{"id":497,"date":"2020-05-05T15:55:38","date_gmt":"2020-05-05T15:55:38","guid":{"rendered":"http:\/\/help.unhcr.org\/argentina\/?page_id=497"},"modified":"2024-12-26T19:21:09","modified_gmt":"2024-12-26T19:21:09","slug":"inclusion-financiera","status":"publish","type":"page","link":"https:\/\/help.unhcr.org\/argentina\/accesoaderechos\/inclusion-financiera\/","title":{"rendered":"Inclusi\u00f3n financiera"},"content":{"rendered":"\n<p><strong>En Argentina las personas migrantes y refugiadas pueden abrir una caja de ahorro con documento provisorio (CONARE) o con certificado de residencia precaria, transitoria, permanente o temporaria.<\/strong><\/p>\n\n\n\n<p><a href=\"https:\/\/www.bcra.gob.ar\/inmigrantes.asp\"><strong>Puedes conocer la normativa del Banco Central de la Rep\u00fablica Argentina (BCRA) aqu\u00ed<\/strong><\/a><\/p>\n\n\n\n<p>Abrir una cuenta bancaria permite recibir el pago de tu sueldo&nbsp;de forma electr\u00f3nica, acceder a una tarjeta de d\u00e9bito, hacer operaciones a trav\u00e9s de home banking, operar en cajeros autom\u00e1ticos, cargar la tarjeta SUBE, efectuar transferencias nacionales inmediatas sin cargo y pagar impuestos y servicios, todo sin costos operativos.<\/p>\n\n\n\n<p>Con el DNI las cuentas habilitan m\u00e1s productos como tarjeta de cr\u00e9dito y, en general, productos crediticios.<\/p>\n\n\n\n<p>La banca p\u00fablica evita, en ocasiones, que las personas se vean sujetas al cobro de gastos y comisiones. A continuaci\u00f3n, solo por mencionar algunos, se detallan bancos p\u00fablicos con experiencias positivas en la apertura de cuentas bancarias a personas migrantes y refugiadas:<\/p>\n\n\n\n<ul class=\"wp-block-list\">\n<li>Banco Ciudad: <a href=\"https:\/\/www.bancociudad.com.ar\/institucional\/?herramienta=geolocalizador\">Sucursales y cajeros Banco Ciudad<\/a><\/li>\n\n\n\n<li>Banco Provincia: <a href=\"https:\/\/www.bancoprovincia.com.ar\/BuscadorSucursales\">Sucursales y Cajeros Banco Provincia<\/a><\/li>\n\n\n\n<li>Banco Naci\u00f3n: <a href=\"https:\/\/www.bna.com.ar\/Institucional\/Sucursales\">Sucursales y cajeros Banco Naci\u00f3n<\/a><\/li>\n\n\n\n<li>Banco de C\u00f3rdoba: <a href=\"https:\/\/www.bancor.com.ar\/sucursales-y-cajeros\/\">Sucursales y cajeros Bancor<\/a><\/li>\n<\/ul>\n\n\n\n<p>Puedes\u00a0encontrar informaci\u00f3n sobre\u00a0c\u00f3mo\u00a0acceder a\u00a0estos medios electr\u00f3nicos\u00a0para manejar tu dinero aqu\u00ed:\u00a0<a href=\"https:\/\/www.argentina.gob.ar\/inclusion-financiera\/personas\/medios-de-pago-electronicos\" target=\"_blank\" rel=\"noreferrer noopener\">https:\/\/www.argentina.gob.ar\/inclusion-financiera\/personas\/medios-de-pago-electronicos<\/a>.\u00a0<\/p>\n\n\n\n<hr class=\"wp-block-separator has-css-opacity is-style-wide\" \/>\n","protected":false},"excerpt":{"rendered":"<p>En Argentina las personas migrantes y refugiadas pueden abrir una caja de ahorro con documento provisorio (CONARE) o con certificado de residencia precaria, transitoria, permanente o temporaria. Puedes conocer la normativa del Banco Central de la Rep\u00fablica Argentina (BCRA) aqu\u00ed Abrir una cuenta bancaria permite recibir el pago de tu sueldo&nbsp;de forma electr\u00f3nica, acceder a [&hellip;]<\/p>\n","protected":false},"author":122,"featured_media":0,"parent":329,"menu_order":9,"comment_status":"closed","ping_status":"closed","template":"","meta":{"_acf_changed":false,"footnotes":""},"class_list":["post-497","page","type-page","status-publish","hentry"],"acf":[],"_links":{"self":[{"href":"https:\/\/help.unhcr.org\/argentina\/wp-json\/wp\/v2\/pages\/497","targetHints":{"allow":["GET"]}}],"collection":[{"href":"https:\/\/help.unhcr.org\/argentina\/wp-json\/wp\/v2\/pages"}],"about":[{"href":"https:\/\/help.unhcr.org\/argentina\/wp-json\/wp\/v2\/types\/page"}],"author":[{"embeddable":true,"href":"https:\/\/help.unhcr.org\/argentina\/wp-json\/wp\/v2\/users\/122"}],"replies":[{"embeddable":true,"href":"https:\/\/help.unhcr.org\/argentina\/wp-json\/wp\/v2\/comments?post=497"}],"version-history":[{"count":23,"href":"https:\/\/help.unhcr.org\/argentina\/wp-json\/wp\/v2\/pages\/497\/revisions"}],"predecessor-version":[{"id":1258,"href":"https:\/\/help.unhcr.org\/argentina\/wp-json\/wp\/v2\/pages\/497\/revisions\/1258"}],"up":[{"embeddable":true,"href":"https:\/\/help.unhcr.org\/argentina\/wp-json\/wp\/v2\/pages\/329"}],"wp:attachment":[{"href":"https:\/\/help.unhcr.org\/argentina\/wp-json\/wp\/v2\/media?parent=497"}],"curies":[{"name":"wp","href":"https:\/\/api.w.org\/{rel}","templated":true}]}}