{"id":493,"date":"2020-04-28T14:49:58","date_gmt":"2020-04-28T14:49:58","guid":{"rendered":"http:\/\/help.unhcr.org\/argentina\/?page_id=493"},"modified":"2026-03-11T15:59:36","modified_gmt":"2026-03-11T15:59:36","slug":"como-solicitar-la-condicion-de-refugiado","status":"publish","type":"page","link":"https:\/\/help.unhcr.org\/argentina\/proteccion-internacional-en-argentina\/como-solicitar-la-condicion-de-refugiado\/","title":{"rendered":"Proceso de solicitud en Argentina"},"content":{"rendered":"\n<p><strong>En Argentina, el reconocimiento y protecci\u00f3n de las personas refugiadas se encuentran contemplados en la&nbsp;<\/strong><a href=\"https:\/\/www.acnur.org\/fileadmin\/Documentos\/BDL\/2006\/4658.pdf\"><strong>Ley General N\u00b0 26.165<\/strong><\/a> <strong>y su <\/strong><a href=\"https:\/\/www.argentina.gob.ar\/normativa\/nacional\/decreto-646-2025-417374\/texto\"><strong>Decreto Reglamentario 646\/2025<\/strong><\/a>.<\/p>\n\n\n\n<figure class=\"wp-block-table is-style-regular\"><table class=\"has-black-color has-text-color has-background has-link-color has-fixed-layout\" style=\"background-color:#faeb00\"><thead><tr><th class=\"has-text-align-center\" data-align=\"center\">Solicitud de refugio y salidas del pa\u00eds<\/th><\/tr><\/thead><tbody><tr><td class=\"has-text-align-center\" data-align=\"center\">Las personas solicitantes de la de condici\u00f3n de persona refugiada en Argentina no puede salir del territorio nacional durante todo el proceso de su solicitud. Es decir, hasta que la Co.Na.Re no decida sobre el reconocimiento o denegaci\u00f3n de su solicitud. <br><br><strong>La salida del pa\u00eds ser\u00e1 considerada  por la Co.Na.Re. como un desistimiento de la solicitud por parte de la persona solicitante.<\/strong><\/td><\/tr><\/tbody><\/table><\/figure>\n\n\n\n<p>A continuaci\u00f3n, puedes encontrar el detalle paso a paso del proceso de solicitud de la condici\u00f3n de persona refugiada en Argentina.<\/p>\n","protected":false},"excerpt":{"rendered":"<p>En Argentina, el reconocimiento y protecci\u00f3n de las personas refugiadas se encuentran contemplados en la&nbsp;Ley General N\u00b0 26.165 y su Decreto Reglamentario 646\/2025. Solicitud de refugio y salidas del pa\u00eds Las personas solicitantes de la de condici\u00f3n de persona refugiada en Argentina no puede salir del territorio nacional durante todo el proceso de su solicitud. [&hellip;]<\/p>\n","protected":false},"author":122,"featured_media":0,"parent":974,"menu_order":2,"comment_status":"closed","ping_status":"closed","template":"page-templates\/sectioned.php","meta":{"_acf_changed":false,"footnotes":""},"class_list":["post-493","page","type-page","status-publish","hentry"],"acf":[],"_links":{"self":[{"href":"https:\/\/help.unhcr.org\/argentina\/wp-json\/wp\/v2\/pages\/493","targetHints":{"allow":["GET"]}}],"collection":[{"href":"https:\/\/help.unhcr.org\/argentina\/wp-json\/wp\/v2\/pages"}],"about":[{"href":"https:\/\/help.unhcr.org\/argentina\/wp-json\/wp\/v2\/types\/page"}],"author":[{"embeddable":true,"href":"https:\/\/help.unhcr.org\/argentina\/wp-json\/wp\/v2\/users\/122"}],"replies":[{"embeddable":true,"href":"https:\/\/help.unhcr.org\/argentina\/wp-json\/wp\/v2\/comments?post=493"}],"version-history":[{"count":121,"href":"https:\/\/help.unhcr.org\/argentina\/wp-json\/wp\/v2\/pages\/493\/revisions"}],"predecessor-version":[{"id":1697,"href":"https:\/\/help.unhcr.org\/argentina\/wp-json\/wp\/v2\/pages\/493\/revisions\/1697"}],"up":[{"embeddable":true,"href":"https:\/\/help.unhcr.org\/argentina\/wp-json\/wp\/v2\/pages\/974"}],"wp:attachment":[{"href":"https:\/\/help.unhcr.org\/argentina\/wp-json\/wp\/v2\/media?parent=493"}],"curies":[{"name":"wp","href":"https:\/\/api.w.org\/{rel}","templated":true}]}}