{"id":473,"date":"2020-04-16T17:43:19","date_gmt":"2020-04-16T17:43:19","guid":{"rendered":"http:\/\/help.unhcr.org\/argentina\/?page_id=473"},"modified":"2024-12-26T19:25:11","modified_gmt":"2024-12-26T19:25:11","slug":"acceso-a-programas-de-proteccion-social","status":"publish","type":"page","link":"https:\/\/help.unhcr.org\/argentina\/accesoaderechos\/acceso-a-programas-de-proteccion-social\/","title":{"rendered":"Acceso a programas de protecci\u00f3n social"},"content":{"rendered":"<p><!--StartFragment--><\/p>\n\n\n<p>La gesti\u00f3n de un CUIL y el registro de datos en ANSES de cada persona solicitante de asilo o refugiada, incluyendo a ni\u00f1os, ni\u00f1as y adolescentes, es el primer paso para acceder a prestaciones sociales disponibles. Debes tener en cuenta que la mayor\u00eda de estos programas requieren poseer <strong>DNI vigente y ciertos a\u00f1os de residencia en el pa\u00eds<\/strong>. Hay algunas excepciones como las asignaciones familiares y las ayudas escolares, que no exigen plazos m\u00ednimos de residencia. En suma, es necesario informarse sobre los requisitos de cada programa, ya que exigen diferentes requisitos.<\/p>\n\n\n\n<p>Es importante conocer las prestaciones sociales de los <strong>gobiernos locales<\/strong> del lugar en el que resides. Adem\u00e1s, en cada ciudad se ejecutan los programas nacionales a trav\u00e9s de organismos locales, provinciales o \u00e1reas descentralizadas. Debes acercarte a las oficinas de tu municipio y a las oficinas de <a href=\"oficinas%20de%20atenci\u00f3n%20al%20p\u00fablico\">ANSES<\/a> cercanas a tu domicilio.<\/p>\n\n\n\n<p><strong>Para acceder a la informaci\u00f3n y requisitos de acceso a los programas ingresar a <a href=\"https:\/\/eur02.safelinks.protection.outlook.com\/?url=https%3A%2F%2Fwww.anses.gob.ar%2F&amp;data=05%7C02%7Cscagliol%40unhcr.org%7C419d2442e3f647487c1b08dcb7e9e202%7Ce5c37981666441348a0c6543d2af80be%7C0%7C0%7C638587464964433100%7CUnknown%7CTWFpbGZsb3d8eyJWIjoiMC4wLjAwMDAiLCJQIjoiV2luMzIiLCJBTiI6Ik1haWwiLCJXVCI6Mn0%3D%7C0%7C%7C%7C&amp;sdata=NiybSU9Cg7lC3AquC7uJSjndaL%2Bjz4w1z0%2B4cKAgQn4%3D&amp;reserved=0\">ANSES<\/a>.<\/strong><\/p>\n\n\n\n<p><strong>CAREF, la agencia socia especializada de ACNUR, puede acompa\u00f1arte y orientarte sobre los programas, sus requisitos y tr\u00e1mites:<\/strong><\/p>\n\n\n\n<p><strong>COMISI\u00d3N ARGENTINA PARA LOS REFUGIADOS Y MIGRANTES (CAREF)<\/strong><br><strong>Direcci\u00f3n: <\/strong>Juan Bautista Alberdi 2236, Ciudad de Buenos Aires<br><strong>Tel\u00e9fono\/WhatsApp:<\/strong>\u00a0+54 9 11 5797 3566<br><strong>Correo electr\u00f3nico: <\/strong><a href=\"mailto:recepcion@caref.org.ar\">recepcion@caref.org.ar<\/a><br><strong>D\u00edas y horario de atenci\u00f3n: <\/strong>por presentaci\u00f3n espont\u00e1nea,<strong> <\/strong>lunes de 14:00 a 16:00 horas y mi\u00e9rcoles de 9:30 a 11:30 o, escribiendo al n\u00famero de WhatsApp para gestionar una cita.<\/p>\n\n\n\n<hr class=\"wp-block-separator has-alpha-channel-opacity\" \/>\n\n\n\n<p><\/p>\n","protected":false},"excerpt":{"rendered":"<p>La gesti\u00f3n de un CUIL y el registro de datos en ANSES de cada persona solicitante de asilo o refugiada, incluyendo a ni\u00f1os, ni\u00f1as y adolescentes, es el primer paso para acceder a prestaciones sociales disponibles. Debes tener en cuenta que la mayor\u00eda de estos programas requieren poseer DNI vigente y ciertos a\u00f1os de residencia [&hellip;]<\/p>\n","protected":false},"author":122,"featured_media":0,"parent":329,"menu_order":8,"comment_status":"closed","ping_status":"closed","template":"","meta":{"_acf_changed":false,"footnotes":""},"class_list":["post-473","page","type-page","status-publish","hentry"],"acf":[],"_links":{"self":[{"href":"https:\/\/help.unhcr.org\/argentina\/wp-json\/wp\/v2\/pages\/473","targetHints":{"allow":["GET"]}}],"collection":[{"href":"https:\/\/help.unhcr.org\/argentina\/wp-json\/wp\/v2\/pages"}],"about":[{"href":"https:\/\/help.unhcr.org\/argentina\/wp-json\/wp\/v2\/types\/page"}],"author":[{"embeddable":true,"href":"https:\/\/help.unhcr.org\/argentina\/wp-json\/wp\/v2\/users\/122"}],"replies":[{"embeddable":true,"href":"https:\/\/help.unhcr.org\/argentina\/wp-json\/wp\/v2\/comments?post=473"}],"version-history":[{"count":11,"href":"https:\/\/help.unhcr.org\/argentina\/wp-json\/wp\/v2\/pages\/473\/revisions"}],"predecessor-version":[{"id":1263,"href":"https:\/\/help.unhcr.org\/argentina\/wp-json\/wp\/v2\/pages\/473\/revisions\/1263"}],"up":[{"embeddable":true,"href":"https:\/\/help.unhcr.org\/argentina\/wp-json\/wp\/v2\/pages\/329"}],"wp:attachment":[{"href":"https:\/\/help.unhcr.org\/argentina\/wp-json\/wp\/v2\/media?parent=473"}],"curies":[{"name":"wp","href":"https:\/\/api.w.org\/{rel}","templated":true}]}}