{"id":470,"date":"2020-04-16T17:40:28","date_gmt":"2020-04-16T17:40:28","guid":{"rendered":"http:\/\/help.unhcr.org\/argentina\/?page_id=470"},"modified":"2024-12-28T16:15:22","modified_gmt":"2024-12-28T16:15:22","slug":"vivienda","status":"publish","type":"page","link":"https:\/\/help.unhcr.org\/argentina\/accesoaderechos\/vivienda\/","title":{"rendered":"Vivienda y Alojamiento"},"content":{"rendered":"<p>Existen diversas organizaciones nucleadas en una Federaci\u00f3n de Inquilinos Nacional que trabajan en la defensa de los derechos de quienes alquilan. Se puede acceder a m\u00e1s informaci\u00f3n y contactar a trav\u00e9s de su <a href=\"https:\/\/www.inquilinosagrupados.com.ar\/\">p\u00e1gina web<\/a>.<\/p>\n<p>Para situaciones de emergencia, la Ciudad de Buenos cuenta con el subsidio 690, o <a href=\"https:\/\/buenosaires.gob.ar\/tramites\/postulacion-al-subsidio-habitacional-690\">subsidio habitacional<\/a>, y el Programa para personas de 60 a\u00f1os o m\u00e1s en riesgo habitacional denominado <a href=\"https:\/\/buenosaires.gob.ar\/vicejefatura\/bienestar-integral\/vivir-en-casa\">Vivir en Casa<\/a>.<\/p>\n<p>Adem\u00e1s, la ciudad cuenta con una l\u00ednea de atenci\u00f3n para personas en calle, el 108, para acceder a alojamientos nocturnos u hogares con modalidades seg\u00fan la poblaci\u00f3n destinataria (hombres solos, mujeres, grupos familiares).<\/p>\n<p>La l\u00ednea gratuita 0800-666-7232 est\u00e1 disponible para reportar situaciones de emergencia habitacional en la Provincia de Buenos Aires, que articula con cada distrito.<\/p>\n<p><strong><mark>De necesitar mayor apoyo, puede contactarse con:<\/mark><\/strong><\/p>\n<p><strong>MINISTERIO P\u00daBLICO DE LA DEFENSA<\/strong><strong><br \/>Tel\u00e9fono:<\/strong> 4814-8405\/06 (hasta las 15 horas).<br \/><strong>Correo electr\u00f3nico:<\/strong>\u00a0desc@mpd.gov.ar<\/p>\n<p><strong>CENTRO DE ACCESO A LA JUSTICIA<\/strong><br \/><strong>WhatsApp:<\/strong>\u00a011 6035 0522\/0<\/p>\n<p><strong>DEFENSOR\u00cdA DEL PUEBLO DE LA CIUDAD DE BUENOS AIRES<\/strong><br \/><strong>Tel\u00e9fono:<\/strong>\u00a043384900 (8038)<br \/><strong>Correo electr\u00f3nico:<\/strong>\u00a0vivienda@defensoria.org.ar<br \/><strong>Sitio web:<\/strong>\u00a0<a href=\"http:\/\/www.defensoria.org.ar\/\">http:\/\/www.defensoria.org.ar<\/a>\u00a0<\/p>\n<p><strong>DEFENSOR\u00cdA DEL PUEBLO DE LA PROVINCIA DE BUENOS AIRES<\/strong><br \/><strong>Tel\u00e9fono:<\/strong>\u00a00800 222 5262<br \/><strong>Sitio web:<\/strong>\u00a0<a href=\"http:\/\/www.defensorba.org.ar\/\">www.defensorba.org.ar<\/a>\u00a0<\/p>\n<p><strong><mark>Frente a alguna situaci\u00f3n de emergencia tambi\u00e9n puede ponerse en contacto con ADRA, agencia socia de ACNUR:\u00a0<\/mark><\/strong><\/p>\n<p><strong>AGENCIA ADVENTISTA DE DESARROLLO Y SERVICIOS ASISTENCIALES (ADRA)<br \/>Direcci\u00f3n: <\/strong>Av. Juan de Garay 4360, Ciudad de Buenos Aires.<strong><br \/>Tel\u00e9fono\/WhatsApp:\u00a0<\/strong>+54 9 11 2781 3915<strong><br \/>Correo electr\u00f3nico: <\/strong>refugiados@adra.org.ar<strong><br \/>D\u00edas y horario de atenci\u00f3n:<\/strong> lunes a viernes de 9 a 17 horas, con cita previa gestionada por WhatsApp.<br \/><strong>Sitio web:<\/strong> https:\/\/adra.org.ar\/<\/p>\n\n\n<hr class=\"wp-block-separator has-css-opacity\" \/>\n\n\n\n<h3 class=\"wp-block-heading\"> <br><\/h3>\n\n\n<p><!--EndFragment--><\/p>","protected":false},"excerpt":{"rendered":"<p>Existen diversas organizaciones nucleadas en una Federaci\u00f3n de Inquilinos Nacional que trabajan en la defensa de los derechos de quienes alquilan. Se puede acceder a m\u00e1s informaci\u00f3n y contactar a trav\u00e9s de su p\u00e1gina web. Para situaciones de emergencia, la Ciudad de Buenos cuenta con el subsidio 690, o subsidio habitacional, y el Programa para [&hellip;]<\/p>\n","protected":false},"author":122,"featured_media":0,"parent":329,"menu_order":7,"comment_status":"closed","ping_status":"closed","template":"","meta":{"_acf_changed":false,"footnotes":""},"class_list":["post-470","page","type-page","status-publish","hentry"],"acf":[],"_links":{"self":[{"href":"https:\/\/help.unhcr.org\/argentina\/wp-json\/wp\/v2\/pages\/470","targetHints":{"allow":["GET"]}}],"collection":[{"href":"https:\/\/help.unhcr.org\/argentina\/wp-json\/wp\/v2\/pages"}],"about":[{"href":"https:\/\/help.unhcr.org\/argentina\/wp-json\/wp\/v2\/types\/page"}],"author":[{"embeddable":true,"href":"https:\/\/help.unhcr.org\/argentina\/wp-json\/wp\/v2\/users\/122"}],"replies":[{"embeddable":true,"href":"https:\/\/help.unhcr.org\/argentina\/wp-json\/wp\/v2\/comments?post=470"}],"version-history":[{"count":12,"href":"https:\/\/help.unhcr.org\/argentina\/wp-json\/wp\/v2\/pages\/470\/revisions"}],"predecessor-version":[{"id":1416,"href":"https:\/\/help.unhcr.org\/argentina\/wp-json\/wp\/v2\/pages\/470\/revisions\/1416"}],"up":[{"embeddable":true,"href":"https:\/\/help.unhcr.org\/argentina\/wp-json\/wp\/v2\/pages\/329"}],"wp:attachment":[{"href":"https:\/\/help.unhcr.org\/argentina\/wp-json\/wp\/v2\/media?parent=470"}],"curies":[{"name":"wp","href":"https:\/\/api.w.org\/{rel}","templated":true}]}}