{"id":329,"date":"2020-03-21T17:10:57","date_gmt":"2020-03-21T17:10:57","guid":{"rendered":"http:\/\/help.unhcr.org\/argentina\/?page_id=329"},"modified":"2024-08-07T20:23:05","modified_gmt":"2024-08-07T20:23:05","slug":"accesoaderechos","status":"publish","type":"page","link":"https:\/\/help.unhcr.org\/argentina\/accesoaderechos\/","title":{"rendered":"Acceso a derechos en Argentina"},"content":{"rendered":"\n<p>Se trata de aquellas personas que se han visto obligadas a abandonar su pa\u00eds de origen o de residencia habitual:<\/p>\n\n\n\n<ul class=\"wp-block-list\">\n<li>por temor a ser perseguidas por su opini\u00f3n pol\u00edtica, religi\u00f3n, nacionalidad, pertenencia a determinado grupo \u00e9tnico o grupo social,<\/li>\n\n\n\n<li>o bien porque su vida, seguridad o libertad se vieron amenazadas por la violencia generalizada, la agresi\u00f3n extranjera, los conflictos internos, la violaci\u00f3n masiva de los derechos humanos u otras circunstancias que hayan perturbado gravemente el orden p\u00fablico.<\/li>\n<\/ul>\n\n\n\n<p>Cuando esto sucede, toda persona tiene&nbsp;derecho&nbsp;a acogerse a la protecci\u00f3n de otro Estado, solicitando la condici\u00f3n de refugiado\/a en el pa\u00eds de acogida.<\/p>\n\n\n\n<p><strong>En la Rep\u00fablica Argentina, el reconocimiento y protecci\u00f3n de las personas refugiadas se encuentran contemplados en la\u00a0<a href=\"https:\/\/www.acnur.org\/fileadmin\/Documentos\/BDL\/2006\/4658.pdf\">Ley General N\u00b0 26.165.<\/a><\/strong><\/p>\n","protected":false},"excerpt":{"rendered":"<p>Se trata de aquellas personas que se han visto obligadas a abandonar su pa\u00eds de origen o de residencia habitual: Cuando esto sucede, toda persona tiene&nbsp;derecho&nbsp;a acogerse a la protecci\u00f3n de otro Estado, solicitando la condici\u00f3n de refugiado\/a en el pa\u00eds de acogida. En la Rep\u00fablica Argentina, el reconocimiento y protecci\u00f3n de las personas refugiadas [&hellip;]<\/p>\n","protected":false},"author":74,"featured_media":0,"parent":0,"menu_order":3,"comment_status":"closed","ping_status":"closed","template":"page-templates\/listing_page.php","meta":{"_acf_changed":false,"footnotes":""},"class_list":["post-329","page","type-page","status-publish","hentry"],"acf":[],"_links":{"self":[{"href":"https:\/\/help.unhcr.org\/argentina\/wp-json\/wp\/v2\/pages\/329","targetHints":{"allow":["GET"]}}],"collection":[{"href":"https:\/\/help.unhcr.org\/argentina\/wp-json\/wp\/v2\/pages"}],"about":[{"href":"https:\/\/help.unhcr.org\/argentina\/wp-json\/wp\/v2\/types\/page"}],"author":[{"embeddable":true,"href":"https:\/\/help.unhcr.org\/argentina\/wp-json\/wp\/v2\/users\/74"}],"replies":[{"embeddable":true,"href":"https:\/\/help.unhcr.org\/argentina\/wp-json\/wp\/v2\/comments?post=329"}],"version-history":[{"count":6,"href":"https:\/\/help.unhcr.org\/argentina\/wp-json\/wp\/v2\/pages\/329\/revisions"}],"predecessor-version":[{"id":1018,"href":"https:\/\/help.unhcr.org\/argentina\/wp-json\/wp\/v2\/pages\/329\/revisions\/1018"}],"wp:attachment":[{"href":"https:\/\/help.unhcr.org\/argentina\/wp-json\/wp\/v2\/media?parent=329"}],"curies":[{"name":"wp","href":"https:\/\/api.w.org\/{rel}","templated":true}]}}