{"id":154,"date":"2020-02-21T19:14:33","date_gmt":"2020-02-21T19:14:33","guid":{"rendered":"http:\/\/help.unhcr.org\/argentina\/?page_id=154"},"modified":"2024-08-07T20:52:03","modified_gmt":"2024-08-07T20:52:03","slug":"programa-siria","status":"publish","type":"page","link":"https:\/\/help.unhcr.org\/argentina\/patrocinio-comunitario\/programa-siria\/","title":{"rendered":"Programa Siria"},"content":{"rendered":"\n<p>A trav\u00e9s de la Disposici\u00f3n N\u00b01752\/2024 la Direcci\u00f3n Nacional de Migraciones derog\u00f3 la Disposici\u00f3n DNM N\u00b03915, a trav\u00e9s de la cual cre\u00f3 el Programa Especial de Visado Humanitario para Extranjeros afectados por el Conflicto de la Rep\u00fablica \u00c1rabe Siria.&nbsp;<\/p>\n\n\n\n<p><strong>Si fuiste beneficiaria\/o o llamante del Programa y necesitas comunicarte con la Direcci\u00f3n Nacional de Migraciones, puedes hacerlo a: <a href=\"mailto:asuntos.sociales@migraciones.gov.ar\" target=\"_blank\" rel=\"noreferrer noopener\">asuntos.sociales@migraciones.gov.ar<\/a><\/strong><\/p>\n","protected":false},"excerpt":{"rendered":"<p>A trav\u00e9s de la Disposici\u00f3n N\u00b01752\/2024 la Direcci\u00f3n Nacional de Migraciones derog\u00f3 la Disposici\u00f3n DNM N\u00b03915, a trav\u00e9s de la cual cre\u00f3 el Programa Especial de Visado Humanitario para Extranjeros afectados por el Conflicto de la Rep\u00fablica \u00c1rabe Siria.&nbsp; Si fuiste beneficiaria\/o o llamante del Programa y necesitas comunicarte con la Direcci\u00f3n Nacional de Migraciones, [&hellip;]<\/p>\n","protected":false},"author":74,"featured_media":0,"parent":506,"menu_order":16,"comment_status":"closed","ping_status":"closed","template":"","meta":{"_acf_changed":false,"footnotes":""},"class_list":["post-154","page","type-page","status-publish","hentry"],"acf":[],"_links":{"self":[{"href":"https:\/\/help.unhcr.org\/argentina\/wp-json\/wp\/v2\/pages\/154","targetHints":{"allow":["GET"]}}],"collection":[{"href":"https:\/\/help.unhcr.org\/argentina\/wp-json\/wp\/v2\/pages"}],"about":[{"href":"https:\/\/help.unhcr.org\/argentina\/wp-json\/wp\/v2\/types\/page"}],"author":[{"embeddable":true,"href":"https:\/\/help.unhcr.org\/argentina\/wp-json\/wp\/v2\/users\/74"}],"replies":[{"embeddable":true,"href":"https:\/\/help.unhcr.org\/argentina\/wp-json\/wp\/v2\/comments?post=154"}],"version-history":[{"count":3,"href":"https:\/\/help.unhcr.org\/argentina\/wp-json\/wp\/v2\/pages\/154\/revisions"}],"predecessor-version":[{"id":1027,"href":"https:\/\/help.unhcr.org\/argentina\/wp-json\/wp\/v2\/pages\/154\/revisions\/1027"}],"up":[{"embeddable":true,"href":"https:\/\/help.unhcr.org\/argentina\/wp-json\/wp\/v2\/pages\/506"}],"wp:attachment":[{"href":"https:\/\/help.unhcr.org\/argentina\/wp-json\/wp\/v2\/media?parent=154"}],"curies":[{"name":"wp","href":"https:\/\/api.w.org\/{rel}","templated":true}]}}