{"id":1374,"date":"2024-12-28T13:58:11","date_gmt":"2024-12-28T13:58:11","guid":{"rendered":"https:\/\/help.unhcr.org\/argentina\/?page_id=1374"},"modified":"2026-03-16T14:18:28","modified_gmt":"2026-03-16T14:18:28","slug":"derechos-y-obligaciones","status":"publish","type":"page","link":"https:\/\/help.unhcr.org\/argentina\/proteccion-internacional-en-argentina\/derechos-y-obligaciones\/","title":{"rendered":"Derechos y Obligaciones"},"content":{"rendered":"\n<p>Las personas refugiadas y solicitantes de la condici\u00f3n de refugiado\/a tienen derechos y obligaciones en el pa\u00eds que las acoge. Es importante que los conozcas.<\/p>\n\n\n\n<figure class=\"wp-block-table is-style-regular\"><table class=\"has-white-color has-text-color has-background has-link-color has-fixed-layout\" style=\"background-color:#0072bc\"><thead><tr><th>DERECHOS<\/th><\/tr><\/thead><tbody><tr><td>&#8211; No ser devueltas, expulsadas o extraditadas al pa\u00eds donde puedan estar en peligro.<br><br>&#8211; No ser sancionadas por ingresar irregularmente al pa\u00eds, si demuestran las razones que les obligaron a tomar esa decisi\u00f3n. <br><br>&#8211; No ser v\u00edctimas de discriminaci\u00f3n o vulneraci\u00f3n de derechos.<br><br>&#8211; Acceder al procedimiento de solicitud de la condici\u00f3n de refugiado\/a.<br><br>&#8211; Acceder a documentaci\u00f3n provisoria como solicitante de la condici\u00f3n de refugiado\/a mientras se analiza su solicitud.<br><br>&#8211; Permanecer y circular libremente por el territorio nacional mientras se resuelve su solicitud.<br><br>&#8211; Acceder a los sistemas p\u00fablicos de salud, educaci\u00f3n y justicia.<br><br>&#8211; Acceder a un trabajo registrado y\/o emprender un negocio.<br><br>&#8211; No ser separadas de su familia y reunificarse con sus familiares en caso de ser reconocidos como refugiado\/a.<br><br>&#8211; Practicar libremente su religi\u00f3n.<br><br>&#8211; Contar con que sus datos y la informaci\u00f3n sobre su caso ser\u00e1n tratados con confidencialidad.<\/td><\/tr><\/tbody><\/table><\/figure>\n\n\n\n<figure class=\"wp-block-table\"><table class=\"has-background has-fixed-layout\" style=\"background-color:#faeb00\"><thead><tr><th>OBLIGACIONES<\/th><\/tr><\/thead><tbody><tr><td>\u2013 Respetar las leyes nacionales.<br><br>\u2013 Respetar a las personas, entidades, organismos p\u00fablicos y privados del pa\u00eds de acogida.<br><br>&#8211; Mantener sus datos de contacto y constancia de solicitante de la condici\u00f3n de refugiado\/a actualizados durante todo el proceso de solicitud.<\/td><\/tr><\/tbody><\/table><\/figure>\n","protected":false},"excerpt":{"rendered":"<p>Las personas refugiadas y solicitantes de la condici\u00f3n de refugiado\/a tienen derechos y obligaciones en el pa\u00eds que las acoge. Es importante que los conozcas. DERECHOS &#8211; No ser devueltas, expulsadas o extraditadas al pa\u00eds donde puedan estar en peligro. &#8211; No ser sancionadas por ingresar irregularmente al pa\u00eds, si demuestran las razones que les [&hellip;]<\/p>\n","protected":false},"author":472,"featured_media":0,"parent":974,"menu_order":0,"comment_status":"closed","ping_status":"closed","template":"","meta":{"_acf_changed":false,"footnotes":""},"class_list":["post-1374","page","type-page","status-publish","hentry"],"acf":[],"_links":{"self":[{"href":"https:\/\/help.unhcr.org\/argentina\/wp-json\/wp\/v2\/pages\/1374","targetHints":{"allow":["GET"]}}],"collection":[{"href":"https:\/\/help.unhcr.org\/argentina\/wp-json\/wp\/v2\/pages"}],"about":[{"href":"https:\/\/help.unhcr.org\/argentina\/wp-json\/wp\/v2\/types\/page"}],"author":[{"embeddable":true,"href":"https:\/\/help.unhcr.org\/argentina\/wp-json\/wp\/v2\/users\/472"}],"replies":[{"embeddable":true,"href":"https:\/\/help.unhcr.org\/argentina\/wp-json\/wp\/v2\/comments?post=1374"}],"version-history":[{"count":11,"href":"https:\/\/help.unhcr.org\/argentina\/wp-json\/wp\/v2\/pages\/1374\/revisions"}],"predecessor-version":[{"id":1707,"href":"https:\/\/help.unhcr.org\/argentina\/wp-json\/wp\/v2\/pages\/1374\/revisions\/1707"}],"up":[{"embeddable":true,"href":"https:\/\/help.unhcr.org\/argentina\/wp-json\/wp\/v2\/pages\/974"}],"wp:attachment":[{"href":"https:\/\/help.unhcr.org\/argentina\/wp-json\/wp\/v2\/media?parent=1374"}],"curies":[{"name":"wp","href":"https:\/\/api.w.org\/{rel}","templated":true}]}}