{"id":1184,"date":"2024-12-26T14:03:23","date_gmt":"2024-12-26T14:03:23","guid":{"rendered":"https:\/\/help.unhcr.org\/argentina\/?page_id=1184"},"modified":"2026-03-13T14:37:31","modified_gmt":"2026-03-13T14:37:31","slug":"acnurysocios","status":"publish","type":"page","link":"https:\/\/help.unhcr.org\/argentina\/donde-y-como-solicitar-orientacion-y-ayuda-en-argentina\/acnurysocios\/","title":{"rendered":"ACNUR y organizaciones socias"},"content":{"rendered":"\n<p>Desde ACNUR, apoyamos de manera subsidiaria a los organismos oficiales de los diferentes niveles de gobierno y establecemos asociaciones con organizaciones de la sociedad civil que brindan servicios de manera directa a las personas refugiadas y migrantes durante su proceso de integraci\u00f3n. <\/p>\n\n\n\n<div class=\"wp-block-group is-layout-flex wp-block-group-is-layout-flex\">\n<p class=\"has-text-align-center has-black-color has-text-color has-background has-link-color wp-elements-e386500e23e55fdd7c772ab6be11e707\" style=\"background-color:#faeb00\"><strong>Todos los servicios brindados por ACNUR y sus agencias socias son gratuitos.<\/strong> <strong>Nadie puede pedirte nada a cambio<\/strong>. <strong>Si algo as\u00ed sucedi\u00f3, es importante reportarlo <\/strong><a href=\"https:\/\/help.unhcr.org\/argentina\/contacto\/\"><strong>AQU\u00cd<\/strong><\/a><\/p>\n<\/div>\n\n\n\n<p><\/p>\n\n\n\n<h3 class=\"wp-block-heading\">ACNUR &#8211; Alto Comisionado de Naciones Unidas para los Refugiados<\/h3>\n\n\n<div class=\"wp-block-image\">\n<figure class=\"alignright\"><img loading=\"lazy\" decoding=\"async\" width=\"300\" height=\"111\" src=\"https:\/\/help.unhcr.org\/argentina\/wp-content\/uploads\/sites\/17\/2024\/12\/ACNUR-e1735410912383-300x111.png\" alt=\"\" class=\"wp-image-1214\" srcset=\"https:\/\/help.unhcr.org\/argentina\/wp-content\/uploads\/sites\/17\/2024\/12\/ACNUR-e1735410912383-300x111.png 300w, https:\/\/help.unhcr.org\/argentina\/wp-content\/uploads\/sites\/17\/2024\/12\/ACNUR-e1735410912383-768x285.png 768w, https:\/\/help.unhcr.org\/argentina\/wp-content\/uploads\/sites\/17\/2024\/12\/ACNUR-e1735410912383.png 876w\" sizes=\"auto, (max-width: 300px) 100vw, 300px\" \/><\/figure><\/div>\n\n\n<ul class=\"wp-block-list\">\n<li><strong>Tel\u00e9fono fijo:<\/strong> +54 11 4014 -1600<\/li>\n\n\n\n<li><strong>E-Mail:<\/strong>\u00a0A trav\u00e9s del formulario disponible <a href=\"https:\/\/help.unhcr.org\/argentina\/contacto\/\"><strong>aqu\u00ed<\/strong><\/a><\/li>\n\n\n\n<li><strong>RR SS: <\/strong>IG: <a href=\"https:\/\/www.instagram.com\/acnurconosur\/\" target=\"_blank\" rel=\"noreferrer noopener\">@acnurconosur \/<\/a> X:<a href=\"https:\/\/x.com\/ACNURConoSur\" target=\"_blank\" rel=\"noreferrer noopener\"> @ACNURConoSur<\/a><\/li>\n\n\n\n<li><strong>Direcci\u00f3n:\u00a0<\/strong>Cerrito 836, piso 10, Ciudad de Buenos Aires<\/li>\n\n\n\n<li><strong>Atenci\u00f3n al p\u00fablico:<\/strong> lunes a jueves de 9.30 a 17.00 horas. Viernes de 9:30 a 14:00hs<\/li>\n\n\n\n<li><strong>Servicios:<\/strong> informaci\u00f3n y orientaci\u00f3n sobre el proceso de determinaci\u00f3n de la condici\u00f3n de refugiado\/a y referencias a los servicios disponibles.<\/li>\n<\/ul>\n\n\n<figure class=\"wp-block-image alignright\"><\/figure>\n<p><!-- \/wp:post-content --><\/p>\n<h3>\u00a0<\/h3>\n<h3>Mirares &#8211; Migrantes, Refugiados y Argentinos Emprendedores Sociales<\/h3>\n<p><img loading=\"lazy\" decoding=\"async\" class=\"alignnone wp-image-1229 alignright\" src=\"https:\/\/help.unhcr.org\/argentina\/wp-content\/uploads\/sites\/17\/2024\/12\/MIRARES.png\" alt=\"\" width=\"291\" height=\"99\" \/><\/p>\n<ul>\n<li><strong>Tel\u00e9fono\/WhatsApp: <\/strong><a href=\"https:\/\/wa.me\/5491136551003\">+54 9 11 3655 -1003<\/a><\/li>\n<li><strong style=\"font-size: 16px\">E-mail<\/strong><span style=\"font-size: 16px\">: <\/span><a style=\"font-size: 16px\" href=\"mailto:contactosmirares@gmail.com\">contactosmirares@gmail.com<\/a><\/li>\n<li><strong>Direcci\u00f3n: <\/strong>Bartolom\u00e9 Mitre 2815, 4\u00b0 piso, Oficina 408, Ciudad de Buenos Aires<\/li>\n<li><strong>D\u00edas y horario de atenci\u00f3n:<\/strong>\u00a0lunes, mi\u00e9rcoles y viernes de 10:30 a 16:00 hs.<\/li>\n<li><strong>Servicios:<\/strong> orientaci\u00f3n general y asistencia multiprop\u00f3sito.<\/li>\n<\/ul>\n<p><!-- \/wp:paragraph --><\/p>\n<h3>\u00a0<\/h3>\n<h3>CAREF \u2013 Comisi\u00f3n Argentina para Refugiados y Migrantes<\/h3>\n<h4><a href=\"https:\/\/caref.org.ar\/\" target=\"_blank\" rel=\"noopener\"><strong><img loading=\"lazy\" decoding=\"async\" class=\" wp-image-1221 alignright\" style=\"font-weight: 400\" src=\"https:\/\/help.unhcr.org\/argentina\/wp-content\/uploads\/sites\/17\/2024\/12\/CAREF-300x118.png\" alt=\"\" width=\"300\" height=\"118\" srcset=\"https:\/\/help.unhcr.org\/argentina\/wp-content\/uploads\/sites\/17\/2024\/12\/CAREF-300x118.png 300w, https:\/\/help.unhcr.org\/argentina\/wp-content\/uploads\/sites\/17\/2024\/12\/CAREF.png 319w\" sizes=\"auto, (max-width: 300px) 100vw, 300px\" \/><\/strong><\/a><\/h4>\n<ul>\n<li class=\"has-text-align-right\" style=\"text-align: left\"><strong>Tel\u00e9fono\/WhatsApp: <\/strong><a href=\"https:\/\/wa.me\/5491157973566\">+54 9 11 5797 3566<\/a><\/li>\n<li class=\"has-text-align-right\" style=\"text-align: left\"><strong>E-mail<\/strong>:\u00a0<a href=\"mailto:recepcion@caref.org.ar\">recepcion@caref.org.ar<\/a><\/li>\n<li class=\"has-text-align-right\" style=\"text-align: left\"><strong>RR SS:<\/strong> Fb: <a href=\"https:\/\/www.facebook.com\/caref.argentina\" target=\"_blank\" rel=\"noopener\">@asociacion.caref<\/a> \/ IG: <a href=\"https:\/\/www.instagram.com\/carefargentina\/\" target=\"_blank\" rel=\"noopener\">@carefargentina<\/a> \/ X: <a href=\"https:\/\/x.com\/CarefArgentina\" target=\"_blank\" rel=\"noopener\">@CarefArgentina<\/a><\/li>\n<li><strong>Direcci\u00f3n: <\/strong>Juan Bautista Alberdi 2236, Ciudad de Buenos Aires<\/li>\n<li class=\"has-text-align-right\" style=\"text-align: left\"><strong>D\u00edas y horario de atenci\u00f3n: <\/strong>con cita previa o los lunes de 14:00 a 16:00 y mi\u00e9rcoles de 9:30 a 11:30 por presentaci\u00f3n espont\u00e1nea.<\/li>\n<li style=\"text-align: left\"><strong>Servicios: <\/strong>asistencia legal y social para acceder a derechos<\/li>\n<\/ul>\n<p><!-- \/wp:list --><\/p>\n\n<!-- wp:paragraph -->\n<p><\/p>\n<!-- \/wp:paragraph -->","protected":false},"excerpt":{"rendered":"<p>Desde ACNUR, apoyamos de manera subsidiaria a los organismos oficiales de los diferentes niveles de gobierno y establecemos asociaciones con organizaciones de la sociedad civil que brindan servicios de manera directa a las personas refugiadas y migrantes durante su proceso de integraci\u00f3n. Todos los servicios brindados por ACNUR y sus agencias socias son gratuitos. Nadie [&hellip;]<\/p>\n","protected":false},"author":472,"featured_media":0,"parent":963,"menu_order":0,"comment_status":"closed","ping_status":"closed","template":"","meta":{"_acf_changed":false,"footnotes":""},"class_list":["post-1184","page","type-page","status-publish","hentry"],"acf":[],"_links":{"self":[{"href":"https:\/\/help.unhcr.org\/argentina\/wp-json\/wp\/v2\/pages\/1184","targetHints":{"allow":["GET"]}}],"collection":[{"href":"https:\/\/help.unhcr.org\/argentina\/wp-json\/wp\/v2\/pages"}],"about":[{"href":"https:\/\/help.unhcr.org\/argentina\/wp-json\/wp\/v2\/types\/page"}],"author":[{"embeddable":true,"href":"https:\/\/help.unhcr.org\/argentina\/wp-json\/wp\/v2\/users\/472"}],"replies":[{"embeddable":true,"href":"https:\/\/help.unhcr.org\/argentina\/wp-json\/wp\/v2\/comments?post=1184"}],"version-history":[{"count":51,"href":"https:\/\/help.unhcr.org\/argentina\/wp-json\/wp\/v2\/pages\/1184\/revisions"}],"predecessor-version":[{"id":1729,"href":"https:\/\/help.unhcr.org\/argentina\/wp-json\/wp\/v2\/pages\/1184\/revisions\/1729"}],"up":[{"embeddable":true,"href":"https:\/\/help.unhcr.org\/argentina\/wp-json\/wp\/v2\/pages\/963"}],"wp:attachment":[{"href":"https:\/\/help.unhcr.org\/argentina\/wp-json\/wp\/v2\/media?parent=1184"}],"curies":[{"name":"wp","href":"https:\/\/api.w.org\/{rel}","templated":true}]}}