{"id":312,"date":"2020-03-31T17:59:14","date_gmt":"2020-03-31T17:59:14","guid":{"rendered":"http:\/\/help.unhcr.org\/algeria\/covid-19-useful-information\/"},"modified":"2022-05-29T12:49:36","modified_gmt":"2022-05-29T12:49:36","slug":"covid-19-useful-information","status":"publish","type":"page","link":"https:\/\/help.unhcr.org\/algeria\/fr\/covid-19-useful-information\/","title":{"rendered":"COVID-19 : Informations utiles"},"content":{"rendered":"<p><strong>Les r\u00e9fugi\u00e9s et les demandeurs d&rsquo;asile peuvent-ils \u00eatre vaccin\u00e9s en Alg\u00e9rie ?<\/strong><\/p>\n<p>Si vous \u00eates r\u00e9fugi\u00e9 ou demandeur d&rsquo;asile en Alg\u00e9rie, vous avez le droit d&rsquo;\u00eatre vaccin\u00e9 dans les centres de sant\u00e9 publics. L&rsquo;acc\u00e8s au vaccin COVID-19 est gratuit dans tous les centres de sant\u00e9 (polycliniques) et les centres communautaires (vaccinodromes). Si vous avez besoin d&rsquo;aide pour acc\u00e9der \u00e0 ces centres, veuillez contacter le Th\u00e9 vert (lien hypertexte). N&rsquo;oubliez pas que le meilleur vaccin est celui qui est disponible !<\/p>\n<p>N&rsquo;oubliez pas que la vaccination peut \u00eatre une exigence des pays de r\u00e9installation.<\/p>\n<p><strong>L&rsquo;alerte sanitaire de l&rsquo;OMS apporte des informations sur le COVID-19 via WhatsApp<\/strong><\/p>\n<p>L&rsquo;OMS a lanc\u00e9 un service de messagerie d\u00e9di\u00e9 en anglais, arabe, fran\u00e7ais, hindi, italien, espagnol et portugais avec ses partenaires WhatsApp et Facebook pour prot\u00e9ger les gens contre le coronavirus. Ce service de messagerie facile \u00e0 utiliser peut toucher 2 milliards de personnes et permet \u00e0 l&rsquo;OMS de transmettre des informations directement aux personnes qui en ont besoin.<\/p>\n<p>Le service est accessible par un lien qui ouvre une conversation sur WhatsApp. Les utilisateurs peuvent simplement taper &laquo;&nbsp;hi&nbsp;&raquo;, &laquo;&nbsp;hola&nbsp;&raquo;, &laquo;&nbsp;\u0928\u092e\u0938\u094d\u0924\u0947&nbsp;&raquo;, &laquo;&nbsp;oi&nbsp;&raquo;, &laquo;&nbsp;salut&nbsp;&raquo;, &laquo;&nbsp;ciao&nbsp;&raquo; ou &laquo;&nbsp;\u0645\u0631\u062d\u0628\u0627&nbsp;&raquo; pour activer la conversation, ce qui fait appara\u00eetre un menu d&rsquo;options permettant de r\u00e9pondre \u00e0 leurs questions sur le COVID-19.<\/p>\n<p>? Rejoignez l&rsquo;alerte sanitaire de l&rsquo;OMS sur WhatsApp <a href=\"https:\/\/www.who.int\/news-room\/feature-stories\/detail\/who-health-alert-brings-covid-19-facts-to-billions-via-whatsapp\">ici<\/a>.<\/p>\n<p><strong>Conseils, orientations techniques et recherches de l&rsquo;OMS<\/strong><\/p>\n<p>? Acc\u00e9dez \u00e0 la page officielle de l&rsquo;OMS <a href=\"https:\/\/www.who.int\/fr\/emergencies\/diseases\/novel-coronavirus-2019\">ici<\/a>.<\/p>\n\n\n<figure class=\"wp-block-image size-large\"><img loading=\"lazy\" decoding=\"async\" width=\"1024\" height=\"724\" src=\"https:\/\/help.unhcr.org\/algeria\/wp-content\/uploads\/sites\/48\/2020\/03\/FR1-1024x724.jpg\" alt=\"\" class=\"wp-image-322\" srcset=\"https:\/\/help.unhcr.org\/algeria\/wp-content\/uploads\/sites\/48\/2020\/03\/FR1-1024x724.jpg 1024w, https:\/\/help.unhcr.org\/algeria\/wp-content\/uploads\/sites\/48\/2020\/03\/FR1-300x212.jpg 300w, https:\/\/help.unhcr.org\/algeria\/wp-content\/uploads\/sites\/48\/2020\/03\/FR1-768x543.jpg 768w, https:\/\/help.unhcr.org\/algeria\/wp-content\/uploads\/sites\/48\/2020\/03\/FR1-1536x1086.jpg 1536w, https:\/\/help.unhcr.org\/algeria\/wp-content\/uploads\/sites\/48\/2020\/03\/FR1-2048x1448.jpg 2048w\" sizes=\"auto, (max-width: 1024px) 100vw, 1024px\" \/><\/figure>\n","protected":false},"excerpt":{"rendered":"<p>Les r\u00e9fugi\u00e9s et les demandeurs d&rsquo;asile peuvent-ils \u00eatre vaccin\u00e9s en Alg\u00e9rie ? Si vous \u00eates r\u00e9fugi\u00e9 ou demandeur d&rsquo;asile en Alg\u00e9rie, vous avez le droit d&rsquo;\u00eatre vaccin\u00e9 dans les centres de sant\u00e9 publics. L&rsquo;acc\u00e8s au vaccin COVID-19 est gratuit dans tous les centres de sant\u00e9 (polycliniques) et les centres communautaires (vaccinodromes). Si vous avez besoin [&hellip;]<\/p>\n","protected":false},"author":86,"featured_media":0,"parent":0,"menu_order":10,"comment_status":"closed","ping_status":"closed","template":"","meta":{"_acf_changed":false,"footnotes":""},"class_list":["post-312","page","type-page","status-publish","hentry"],"acf":[],"_links":{"self":[{"href":"https:\/\/help.unhcr.org\/algeria\/fr\/wp-json\/wp\/v2\/pages\/312","targetHints":{"allow":["GET"]}}],"collection":[{"href":"https:\/\/help.unhcr.org\/algeria\/fr\/wp-json\/wp\/v2\/pages"}],"about":[{"href":"https:\/\/help.unhcr.org\/algeria\/fr\/wp-json\/wp\/v2\/types\/page"}],"author":[{"embeddable":true,"href":"https:\/\/help.unhcr.org\/algeria\/fr\/wp-json\/wp\/v2\/users\/86"}],"replies":[{"embeddable":true,"href":"https:\/\/help.unhcr.org\/algeria\/fr\/wp-json\/wp\/v2\/comments?post=312"}],"version-history":[{"count":7,"href":"https:\/\/help.unhcr.org\/algeria\/fr\/wp-json\/wp\/v2\/pages\/312\/revisions"}],"predecessor-version":[{"id":1152,"href":"https:\/\/help.unhcr.org\/algeria\/fr\/wp-json\/wp\/v2\/pages\/312\/revisions\/1152"}],"wp:attachment":[{"href":"https:\/\/help.unhcr.org\/algeria\/fr\/wp-json\/wp\/v2\/media?parent=312"}],"curies":[{"name":"wp","href":"https:\/\/api.w.org\/{rel}","templated":true}]}}