{"id":232,"date":"2019-12-26T09:15:17","date_gmt":"2019-12-26T09:15:17","guid":{"rendered":"http:\/\/help.unhcr.org\/algeria\/unhcr-in-algeria\/"},"modified":"2023-03-08T14:14:13","modified_gmt":"2023-03-08T14:14:13","slug":"unhcr-in-algeria","status":"publish","type":"page","link":"https:\/\/help.unhcr.org\/algeria\/fr\/unhcr-in-algeria\/","title":{"rendered":"Le HCR en Alg\u00e9rie"},"content":{"rendered":"\n<p class=\"has-vivid-cyan-blue-color has-text-color\">Le HCR, l&rsquo;Agence des Nations Unies pour les r\u00e9fugi\u00e9s, prot\u00e8ge les personnes contraintes de fuir leur foyer en raison de conflits et de pers\u00e9cutions, en leur apportant un soutien vital, en prot\u00e9geant leurs droits et en les aidant \u00e0 construire un avenir meilleur.<\/p>\n\n\n\n<ul class=\"wp-block-list\"><li><strong>\u00c0 Alger,<\/strong> le HCR et ses partenaires fournissent une assistance et des services sp\u00e9cialis\u00e9s compl\u00e9mentaires (\u00e9ducation, violence li\u00e9e au sexe, sant\u00e9, protection de l&rsquo;enfance, services de sant\u00e9 maternelle et infantile, services juridiques, aide financi\u00e8re polyvalente et soutien aux moyens de subsistance) aux r\u00e9fugi\u00e9s et aux demandeurs d&rsquo;asile, en mettant l&rsquo;accent sur les personnes ayant des besoins sp\u00e9cifiques et en encourageant la participation communautaire.<\/li><li><strong>Dans les camps de r\u00e9fugi\u00e9s sahraouis,<\/strong> le HCR fournit une r\u00e9ponse humanitaire vitale facilitant l&rsquo;acc\u00e8s \u00e0 la sant\u00e9, \u00e0 l&rsquo;eau, \u00e0 l&rsquo;\u00e9ducation, aux moyens de subsistance, \u00e0 l&rsquo;\u00e9nergie, \u00e0 la s\u00e9curit\u00e9 alimentaire et \u00e0 un abri digne, en assurant la participation des femmes et des filles, des jeunes et des personnes handicap\u00e9es.<\/li><\/ul>\n\n\n\n<div class=\"wp-block-columns is-layout-flex wp-container-core-columns-is-layout-9d6595d7 wp-block-columns-is-layout-flex\">\n<div class=\"wp-block-column is-layout-flow wp-block-column-is-layout-flow\">\n<p><strong>Demander l&rsquo;asile :<\/strong><\/p>\n\n\n\n<p>Recevez des informations sur la mani\u00e8re de demander l&rsquo;asile en Alg\u00e9rie, quelles sont les proc\u00e9dures, et quels sont les droits et devoirs dont vous disposez en tant que r\u00e9fugi\u00e9 ou demandeur d&rsquo;asile dans le pays. Pour en savoir plus, <a href=\"https:\/\/help.unhcr.org\/algeria\/fr\/applying-for-asylum\/\" data-type=\"URL\" data-id=\"https:\/\/help.unhcr.org\/algeria\/fr\/applying-for-asylum\/\" target=\"_blank\" rel=\"noreferrer noopener\">cliquez ici.<\/a><\/p>\n<\/div>\n\n\n\n<div class=\"wp-block-column is-layout-flow wp-block-column-is-layout-flow\">\n<p><strong>\u00c9ducation<\/strong><\/p>\n\n\n\n<p>Si vous ou un membre de votre famille \u00eates en \u00e2ge d&rsquo;\u00eatre scolaris\u00e9 (6-16 ans), vous avez le droit de vous inscrire dans le syst\u00e8me d&rsquo;enseignement public. Les \u00e9coles publiques sont gratuites. <\/p>\n\n\n\n<p>Si vous souhaitez en savoir plus sur les bourses d&rsquo;\u00e9tudes dans les universit\u00e9s alg\u00e9riennes ou sur les opportunit\u00e9s d&rsquo;\u00e9ducation par le biais de l&rsquo;apprentissage en ligne, <a href=\"https:\/\/help.unhcr.org\/algeria\/fr\/education-opportunities\/\" data-type=\"URL\" data-id=\"https:\/\/help.unhcr.org\/algeria\/fr\/education-opportunities\/\" target=\"_blank\" rel=\"noreferrer noopener\">cliquez ici.<\/a><\/p>\n<\/div>\n\n\n\n<div class=\"wp-block-column is-layout-flow wp-block-column-is-layout-flow\">\n<p><strong>Sant\u00e9<\/strong><\/p>\n\n\n\n<p>L&rsquo;acc\u00e8s aux services publics de sant\u00e9 en Alg\u00e9rie est gratuit, garanti \u00e0 toute personne vivant sur le sol alg\u00e9rien, quels que soient son origine et son statut juridique (loi alg\u00e9rienne sur la sant\u00e9 2018).<\/p>\n\n\n\n<p>Pour acc\u00e9der aux services de sant\u00e9, prenez contact avec le centre de sant\u00e9 le plus proche de votre lieu de r\u00e9sidence. Si vous avez besoin d&rsquo;aide, n&rsquo;h\u00e9sitez pas \u00e0 <a href=\"https:\/\/help.unhcr.org\/algeria\/fr\/contact-us\/\" data-type=\"URL\" target=\"_blank\" rel=\"noreferrer noopener\">contacter le Croissant-Rouge algerien.<\/a><\/p>\n<\/div>\n<\/div>\n\n\n\n<div class=\"wp-block-columns is-layout-flex wp-container-core-columns-is-layout-9d6595d7 wp-block-columns-is-layout-flex\">\n<div class=\"wp-block-column is-layout-flow wp-block-column-is-layout-flow\">\n<p><strong>Assistance juridique<\/strong><\/p>\n\n\n\n<p>Le HCR peut fournir une assistance juridique aux r\u00e9fugi\u00e9s et aux demandeurs d&rsquo;asile.<\/p>\n<\/div>\n\n\n\n<div class=\"wp-block-column is-layout-flow wp-block-column-is-layout-flow\">\n<p><strong>Enregistrement \u00e0 l&rsquo;\u00e9tat civil<\/strong><\/p>\n\n\n\n<p>Le HCR peut \u00e9galement <a href=\"https:\/\/help.unhcr.org\/algeria\/fr\/contact-us\/\" data-type=\"URL\" data-id=\"https:\/\/help.unhcr.org\/algeria\/fr\/contact-us\/\" target=\"_blank\" rel=\"noreferrer noopener\">faciliter <\/a>l&rsquo;acc\u00e8s \u00e0 l&rsquo;enregistrement des actes d&rsquo;\u00e9tat civil, y compris l&rsquo;enregistrement des naissances en Alg\u00e9rie et les informations sur les retours et rapatriements volontaires en mati\u00e8re de s\u00e9curit\u00e9. <\/p>\n<\/div>\n\n\n\n<div class=\"wp-block-column is-layout-flow wp-block-column-is-layout-flow\"><\/div>\n<\/div>\n\n\n\n<p><\/p>\n","protected":false},"excerpt":{"rendered":"<p>Le HCR, l&rsquo;Agence des Nations Unies pour les r\u00e9fugi\u00e9s, prot\u00e8ge les personnes contraintes de fuir leur foyer en raison de conflits et de pers\u00e9cutions, en leur apportant un soutien vital, en prot\u00e9geant leurs droits et en les aidant \u00e0 construire un avenir meilleur. \u00c0 Alger, le HCR et ses partenaires fournissent une assistance et des [&hellip;]<\/p>\n","protected":false},"author":1,"featured_media":0,"parent":0,"menu_order":2,"comment_status":"closed","ping_status":"closed","template":"page-templates\/sectioned.php","meta":{"_acf_changed":false,"footnotes":""},"class_list":["post-232","page","type-page","status-publish","hentry"],"acf":[],"_links":{"self":[{"href":"https:\/\/help.unhcr.org\/algeria\/fr\/wp-json\/wp\/v2\/pages\/232","targetHints":{"allow":["GET"]}}],"collection":[{"href":"https:\/\/help.unhcr.org\/algeria\/fr\/wp-json\/wp\/v2\/pages"}],"about":[{"href":"https:\/\/help.unhcr.org\/algeria\/fr\/wp-json\/wp\/v2\/types\/page"}],"author":[{"embeddable":true,"href":"https:\/\/help.unhcr.org\/algeria\/fr\/wp-json\/wp\/v2\/users\/1"}],"replies":[{"embeddable":true,"href":"https:\/\/help.unhcr.org\/algeria\/fr\/wp-json\/wp\/v2\/comments?post=232"}],"version-history":[{"count":18,"href":"https:\/\/help.unhcr.org\/algeria\/fr\/wp-json\/wp\/v2\/pages\/232\/revisions"}],"predecessor-version":[{"id":1750,"href":"https:\/\/help.unhcr.org\/algeria\/fr\/wp-json\/wp\/v2\/pages\/232\/revisions\/1750"}],"wp:attachment":[{"href":"https:\/\/help.unhcr.org\/algeria\/fr\/wp-json\/wp\/v2\/media?parent=232"}],"curies":[{"name":"wp","href":"https:\/\/api.w.org\/{rel}","templated":true}]}}