{"id":2296,"date":"2026-01-28T14:39:00","date_gmt":"2026-01-28T14:39:00","guid":{"rendered":"https:\/\/help.unhcr.org\/algeria\/?page_id=2296"},"modified":"2026-01-28T14:39:01","modified_gmt":"2026-01-28T14:39:01","slug":"anej","status":"publish","type":"page","link":"https:\/\/help.unhcr.org\/algeria\/fr\/nos-partenaires\/anej\/","title":{"rendered":"ANEJ"},"content":{"rendered":"<div class=\"wp-block-image\">\n<figure class=\"alignleft size-full is-resized\"><img loading=\"lazy\" decoding=\"async\" width=\"474\" height=\"474\" src=\"https:\/\/help.unhcr.org\/algeria\/wp-content\/uploads\/sites\/48\/2025\/10\/image-4.png\" alt=\"\" class=\"wp-image-2163\" style=\"width:405px;height:auto\" srcset=\"https:\/\/help.unhcr.org\/algeria\/wp-content\/uploads\/sites\/48\/2025\/10\/image-4.png 474w, https:\/\/help.unhcr.org\/algeria\/wp-content\/uploads\/sites\/48\/2025\/10\/image-4-300x300.png 300w, https:\/\/help.unhcr.org\/algeria\/wp-content\/uploads\/sites\/48\/2025\/10\/image-4-150x150.png 150w\" sizes=\"auto, (max-width: 474px) 100vw, 474px\" \/><\/figure><\/div>\n\n\n<p class=\"has-large-font-size\"><strong>Qui sommes-nous :<\/strong><\/p>\n\n\n\n<p>L\u2019Association Nationale des \u00c9changes de Jeunesse \u2013 Amiti\u00e9 et Solidarit\u00e9 (<strong>ANEJ<\/strong>) \u0153uvre \u00e0 la promotion des activit\u00e9s de jeunesse li\u00e9es \u00e0 la culture, \u00e0 la citoyennet\u00e9 et au volontariat.<\/p>\n\n\n\n<p>Ces derni\u00e8res ann\u00e9es, l\u2019ANEJ s\u2019est activement engag\u00e9e dans l\u2019accompagnement de l\u2019int\u00e9gration sociale et professionnelle des jeunes \u00e0 travers divers projets visant \u00e0 encourager, encadrer et appuyer les jeunes demandeurs d\u2019emploi dans la cr\u00e9ation de leurs propres activit\u00e9s ou de micro-entreprises.<\/p>\n\n\n\n<hr class=\"wp-block-separator has-alpha-channel-opacity\" \/>\n\n\n\n<p><strong>Quels services l\u2019ANEJ fournit-elle ?<\/strong><\/p>\n\n\n\n<p><strong>Accueil :<\/strong><br>Organisation de campagnes d\u2019information et d\u2019ateliers de sensibilisation afin d\u2019informer les b\u00e9n\u00e9ficiaires sur les programmes de formation professionnelle et les appuis disponibles.<\/p>\n\n\n\n<hr class=\"wp-block-separator has-alpha-channel-opacity\" \/>\n\n\n\n<p><strong>Accompagnement :<\/strong><br>Assistance aux b\u00e9n\u00e9ficiaires pour l\u2019inscription aupr\u00e8s des instituts et centres de formation, et appui au lancement de micro-projets \u00e0 travers la distribution de kits\/outils.<\/p>\n\n\n\n<hr class=\"wp-block-separator has-alpha-channel-opacity\" \/>\n\n\n\n<p><strong>Formation :<\/strong><br>Organisation de sessions de formation et d\u2019ateliers de renforcement des capacit\u00e9s ax\u00e9s sur l\u2019entrepreneuriat et la cr\u00e9ation de micro-entreprises.<\/p>\n\n\n\n<hr class=\"wp-block-separator has-alpha-channel-opacity\" \/>\n\n\n\n<p><strong>Suivi :<\/strong><br>Mise en \u0153uvre d\u2019activit\u00e9s de suivi et d\u2019\u00e9valuation des progr\u00e8s d\u2019apprentissage des b\u00e9n\u00e9ficiaires inscrits aux programmes de formation.<\/p>\n\n\n\n<hr class=\"wp-block-separator has-alpha-channel-opacity\" \/>\n\n\n\n<p>? <strong>T\u00e9l\u00e9phone<\/strong> : 0560 84 38 20<br>? <strong>Email<\/strong> : <a>anej.hcr23@gmail.com<\/a> \/ <a>anejdz@yahoo.fr<\/a><br>? <strong>Site web<\/strong> : <a href=\"http:\/\/www.anej.asso.dz\">www.anej.asso.dz<\/a><\/p>\n\n\n\n<p><\/p>\n","protected":false},"excerpt":{"rendered":"<p>Qui sommes-nous : L\u2019Association Nationale des \u00c9changes de Jeunesse \u2013 Amiti\u00e9 et Solidarit\u00e9 (ANEJ) \u0153uvre \u00e0 la promotion des activit\u00e9s de jeunesse li\u00e9es \u00e0 la culture, \u00e0 la citoyennet\u00e9 et au volontariat. Ces derni\u00e8res ann\u00e9es, l\u2019ANEJ s\u2019est activement engag\u00e9e dans l\u2019accompagnement de l\u2019int\u00e9gration sociale et professionnelle des jeunes \u00e0 travers divers projets visant \u00e0 encourager, [&hellip;]<\/p>\n","protected":false},"author":548,"featured_media":0,"parent":2221,"menu_order":0,"comment_status":"closed","ping_status":"closed","template":"","meta":{"_acf_changed":false,"footnotes":""},"class_list":["post-2296","page","type-page","status-publish","hentry"],"acf":[],"_links":{"self":[{"href":"https:\/\/help.unhcr.org\/algeria\/fr\/wp-json\/wp\/v2\/pages\/2296","targetHints":{"allow":["GET"]}}],"collection":[{"href":"https:\/\/help.unhcr.org\/algeria\/fr\/wp-json\/wp\/v2\/pages"}],"about":[{"href":"https:\/\/help.unhcr.org\/algeria\/fr\/wp-json\/wp\/v2\/types\/page"}],"author":[{"embeddable":true,"href":"https:\/\/help.unhcr.org\/algeria\/fr\/wp-json\/wp\/v2\/users\/548"}],"replies":[{"embeddable":true,"href":"https:\/\/help.unhcr.org\/algeria\/fr\/wp-json\/wp\/v2\/comments?post=2296"}],"version-history":[{"count":1,"href":"https:\/\/help.unhcr.org\/algeria\/fr\/wp-json\/wp\/v2\/pages\/2296\/revisions"}],"predecessor-version":[{"id":2297,"href":"https:\/\/help.unhcr.org\/algeria\/fr\/wp-json\/wp\/v2\/pages\/2296\/revisions\/2297"}],"up":[{"embeddable":true,"href":"https:\/\/help.unhcr.org\/algeria\/fr\/wp-json\/wp\/v2\/pages\/2221"}],"wp:attachment":[{"href":"https:\/\/help.unhcr.org\/algeria\/fr\/wp-json\/wp\/v2\/media?parent=2296"}],"curies":[{"name":"wp","href":"https:\/\/api.w.org\/{rel}","templated":true}]}}