{"id":2294,"date":"2026-01-28T14:38:10","date_gmt":"2026-01-28T14:38:10","guid":{"rendered":"https:\/\/help.unhcr.org\/algeria\/?page_id=2294"},"modified":"2026-01-28T14:38:10","modified_gmt":"2026-01-28T14:38:10","slug":"amana","status":"publish","type":"page","link":"https:\/\/help.unhcr.org\/algeria\/fr\/nos-partenaires\/amana\/","title":{"rendered":"AMANA"},"content":{"rendered":"<div class=\"wp-block-image\">\n<figure class=\"alignleft is-resized\" id=\"block-c6333c2f-b9c1-44cf-aa54-4d0d2f7ae84e\"><img decoding=\"async\" src=\"https:\/\/help.unhcr.org\/algeria\/wp-content\/uploads\/sites\/48\/2025\/10\/image-3.png\" alt=\"This image has an empty alt attribute; its file name is image-3.png\" style=\"width:325px;height:auto\" \/><\/figure><\/div>\n\n\n<p><\/p>\n\n\n\n<p>L\u2019Association <strong>Amana<\/strong>, en collaboration avec le <strong>HCR<\/strong>, apporte un soutien aux enfants en situation de vuln\u00e9rabilit\u00e9 afin de garantir leur s\u00e9curit\u00e9, leur dignit\u00e9 et leur d\u00e9veloppement.<\/p>\n\n\n\n<p><\/p>\n\n\n\n<hr class=\"wp-block-separator has-alpha-channel-opacity\" \/>\n\n\n\n<div style=\"height:55px\" aria-hidden=\"true\" class=\"wp-block-spacer\"><\/div>\n\n\n\n<p class=\"has-large-font-size\"><strong>Quels services AMANA fournit-elle ?<\/strong><\/p>\n\n\n\n<p>Orientation vers des services sociaux, m\u00e9dicaux ou juridiques appropri\u00e9s.<\/p>\n\n\n\n<hr class=\"wp-block-separator has-alpha-channel-opacity\" \/>\n\n\n\n<p>Soutien psychosocial pour l\u2019enfant et sa famille.<\/p>\n\n\n\n<hr class=\"wp-block-separator has-alpha-channel-opacity\" \/>\n\n\n\n<p>Prise en charge et protection des enfants s\u00e9par\u00e9s, non accompagn\u00e9s ou ayant des besoins sp\u00e9cifiques.<\/p>\n\n\n\n<hr class=\"wp-block-separator has-alpha-channel-opacity\" \/>\n\n\n\n<p>Suivi individuel en fonction des besoins identifi\u00e9s.<\/p>\n\n\n\n<hr class=\"wp-block-separator has-alpha-channel-opacity\" \/>\n\n\n\n<p>Promotion des droits de l\u2019enfant et accompagnement des familles.<\/p>\n\n\n\n<hr class=\"wp-block-separator has-alpha-channel-opacity\" \/>\n\n\n\n<p>? <strong>AMANA<\/strong> : 13, Boulevard Mohamed V, Alger-Centre<br>? <strong>Protection de l\u2019enfance<\/strong> : 0558 90 83 76 \/ 0562 17 38<\/p>\n","protected":false},"excerpt":{"rendered":"<p>L\u2019Association Amana, en collaboration avec le HCR, apporte un soutien aux enfants en situation de vuln\u00e9rabilit\u00e9 afin de garantir leur s\u00e9curit\u00e9, leur dignit\u00e9 et leur d\u00e9veloppement. Quels services AMANA fournit-elle ? Orientation vers des services sociaux, m\u00e9dicaux ou juridiques appropri\u00e9s. Soutien psychosocial pour l\u2019enfant et sa famille. Prise en charge et protection des enfants s\u00e9par\u00e9s, [&hellip;]<\/p>\n","protected":false},"author":548,"featured_media":0,"parent":2221,"menu_order":0,"comment_status":"closed","ping_status":"closed","template":"","meta":{"_acf_changed":false,"footnotes":""},"class_list":["post-2294","page","type-page","status-publish","hentry"],"acf":[],"_links":{"self":[{"href":"https:\/\/help.unhcr.org\/algeria\/fr\/wp-json\/wp\/v2\/pages\/2294","targetHints":{"allow":["GET"]}}],"collection":[{"href":"https:\/\/help.unhcr.org\/algeria\/fr\/wp-json\/wp\/v2\/pages"}],"about":[{"href":"https:\/\/help.unhcr.org\/algeria\/fr\/wp-json\/wp\/v2\/types\/page"}],"author":[{"embeddable":true,"href":"https:\/\/help.unhcr.org\/algeria\/fr\/wp-json\/wp\/v2\/users\/548"}],"replies":[{"embeddable":true,"href":"https:\/\/help.unhcr.org\/algeria\/fr\/wp-json\/wp\/v2\/comments?post=2294"}],"version-history":[{"count":1,"href":"https:\/\/help.unhcr.org\/algeria\/fr\/wp-json\/wp\/v2\/pages\/2294\/revisions"}],"predecessor-version":[{"id":2295,"href":"https:\/\/help.unhcr.org\/algeria\/fr\/wp-json\/wp\/v2\/pages\/2294\/revisions\/2295"}],"up":[{"embeddable":true,"href":"https:\/\/help.unhcr.org\/algeria\/fr\/wp-json\/wp\/v2\/pages\/2221"}],"wp:attachment":[{"href":"https:\/\/help.unhcr.org\/algeria\/fr\/wp-json\/wp\/v2\/media?parent=2294"}],"curies":[{"name":"wp","href":"https:\/\/api.w.org\/{rel}","templated":true}]}}