{"id":2257,"date":"2026-01-05T14:23:53","date_gmt":"2026-01-05T14:23:53","guid":{"rendered":"https:\/\/help.unhcr.org\/algeria\/?page_id=2257"},"modified":"2026-04-06T09:53:57","modified_gmt":"2026-04-06T09:53:57","slug":"annonces-2","status":"publish","type":"page","link":"https:\/\/help.unhcr.org\/algeria\/fr\/annonces-2\/","title":{"rendered":"Annonces"},"content":{"rendered":"\n<hr class=\"wp-block-separator has-alpha-channel-opacity\" \/>\n\n\n\n<h2 class=\"wp-block-heading\">\ud83d\udcda<mark style=\"background-color:#ffffff\" class=\"has-inline-color has-vivid-cyan-blue-color\">Opportunit\u00e9 de bourse : Master en ligne \u00e0 l\u2019AUB<\/mark><\/h2>\n\n\n\n<p>Nous avons le plaisir de vous informer que, dans le cadre d&rsquo;un appel \u00e0 candidatures lanc\u00e9 par la Fondation Mastercard, plusieurs bourses sont disponibles pour suivre un cursus de troisi\u00e8me cycle en ligne \u00e0 l&rsquo;Universit\u00e9 de Beyrouth.<\/p>\n\n\n\n<p>Le programme propose des bourses enti\u00e8rement financ\u00e9es destin\u00e9es aux <strong>r\u00e9fugi\u00e9s et demandeurs d&rsquo;asile originaires du continent africain<\/strong> afin qu&rsquo;ils puissent suivre des cours en ligne pour l&rsquo;<strong>ann\u00e9e universitaire 2026-2027.<\/strong> La date limite de candidature est fix\u00e9e au <strong><mark style=\"background-color:#fcb900\" class=\"has-inline-color has-black-color\">18 mai 2026.<\/mark><\/strong><\/p>\n\n\n\n<p>Les crit\u00e8res d&rsquo;\u00e9ligibilit\u00e9 sont les suivants :<\/p>\n\n\n\n<ul class=\"wp-block-list\">\n<li>\u00catre r\u00e9fugi\u00e9 ou demandeur d&rsquo;asile de <strong>nationalit\u00e9 africaine ;<\/strong><ul><li>\u00catre \u00e2g\u00e9 de 35 ans ou moins ;<\/li><\/ul><ul><li>\u00catre titulaire d&rsquo;au moins une licence dans un domaine d&rsquo;\u00e9tudes pertinent;<\/li><\/ul>\n<ul class=\"wp-block-list\">\n<li>Avoir un niveau d&rsquo;anglais minimum \u00e9quivalent au B2.<\/li>\n<\/ul>\n<\/li>\n<\/ul>\n\n\n\n<p>La bourse est disponible pour <strong>divers masters en ligne :<\/strong><\/p>\n\n\n\n<ul class=\"wp-block-list\">\n<li>Master en <a href=\"https:\/\/aub.edu.lb\/msfea\/iem\/EM\/Pages\/default.aspx\">gestion de l&rsquo;ing\u00e9nierie<\/a> ;<\/li>\n\n\n\n<li>Master en <a href=\"https:\/\/www.aub.edu.lb\/fas\/dep\/GD\/Pages\/ma.aspx\">informatique dans l&rsquo;\u00e9ducation<\/a> ;<\/li>\n\n\n\n<li>Master en administration des affaires ;<\/li>\n\n\n\n<li>Master en administration et gestion des soins infirmiers ;<\/li>\n\n\n\n<li>Master ex\u00e9cutif en leadership dans le domaine de la sant\u00e9.<\/li>\n<\/ul>\n\n\n\n<p>Vous devrez justifier de votre niveau d&rsquo;anglais au moyen d&rsquo;un test avant le 30 juin 2026. Si vous ne disposez pas d&rsquo;un certificat d&rsquo;anglais, veuillez contacter le HCR afin d&rsquo;obtenir des bons pour passer le test de langue Duolingo.<\/p>\n\n\n\n<p>Pour en savoir plus sur le programme, veuillez consulter : <a href=\"https:\/\/www.aub.edu.lb\/mcf\/Pages\/online-graduate-scholarship.aspx\">https:\/\/www.aub.edu.lb\/mcf\/Pages\/online-graduate-scholarship.aspx<\/a><\/p>\n\n\n\n<p>Pour obtenir toutes les informations concernant les bourses Mastercard, veuillez consulter : <a href=\"https:\/\/mastercardfdn.org\/en\/what-we-do\/our-programs\/mastercard-foundation-scholars-program\/where-to-apply\/\">https:\/\/mastercardfdn.org\/en\/what-we-do\/our-programs\/mastercard-foundation-scholars-program\/where-to-apply\/<\/a><\/p>\n\n\n\n<p>Si les candidats ont des questions ou souhaitent b\u00e9n\u00e9ficier d&rsquo;une aide pour leur processus de candidature, ils sont invit\u00e9s \u00e0 contacter le HCR ou l&rsquo;AFAD, notre partenaire en mati\u00e8re d&rsquo;\u00e9ducation.<\/p>\n\n\n\n<hr class=\"wp-block-separator has-alpha-channel-opacity\" \/>\n\n\n\n<p><strong><mark style=\"background-color:#ffffff\" class=\"has-inline-color has-vivid-red-color\">Nous souhaitons vous rappeler que le renouvellement s\u2019effectue automatiquement \u00e0 la date d\u2019expiration du document. Aucun rendez-vous pr\u00e9alable n\u2019est requis \u00e0 cet effet.<\/mark><\/strong><\/p>\n\n\n\n<hr class=\"wp-block-separator has-alpha-channel-opacity\" \/>\n\n\n\n<div class=\"wp-block-group is-vertical is-layout-flex wp-container-core-group-is-layout-8cf370e7 wp-block-group-is-layout-flex\">\n<h2 class=\"wp-block-heading\"><strong><mark style=\"background-color:#ffffff\" class=\"has-inline-color has-vivid-cyan-blue-color\">Informations sur les interventions en esp\u00e8ces (Cash-Based Interventions \u2013 CBI)<\/mark><\/strong><\/h2>\n\n\n\n<p>Le HCR utilise les distributions en esp\u00e8ces afin de fournir protection, assistance et services aux personnes d\u00e9plac\u00e9es de force se trouvant en situation de vuln\u00e9rabilit\u00e9. Les interventions en esp\u00e8ces (CBI) permettent aux personnes concern\u00e9es de r\u00e9pondre \u00e0 leurs besoins les plus urgents, de soutenir leurs moyens de subsistance et, le cas \u00e9ch\u00e9ant, de faciliter le retour volontaire. Les CBI contribuent \u00e9galement aux r\u00e9sultats de protection en r\u00e9duisant les risques et en pr\u00e9servant la capacit\u00e9 des m\u00e9nages \u00e0 couvrir leurs d\u00e9penses essentielles.<\/p>\n\n\n\n<p>En raison de ressources limit\u00e9es, les CBI sont disponibles uniquement pour les personnes r\u00e9pondant \u00e0 des crit\u00e8res d\u2019\u00e9ligibilit\u00e9 sp\u00e9cifiques.<\/p>\n\n\n\n<p>Pour le <strong>cycle actuel de CBI (d\u00e9cembre 2025 \u2013 janvier 2026)<\/strong>, l\u2019assistance en esp\u00e8ces est <strong>limit\u00e9e aux r\u00e9fugi\u00e9s reconnus uniquement<\/strong>. Les personnes \u00e9ligibles sont contact\u00e9es directement et invit\u00e9es \u00e0 se pr\u00e9senter au bureau du HCR <strong>sur rendez-vous<\/strong>.<\/p>\n\n\n\n<p>Pour le <strong>prochain cycle de CBI (pr\u00e9vu \u00e0 titre indicatif pour mars 2026)<\/strong>, le HCR ciblera les <strong>personnes les plus vuln\u00e9rables<\/strong>, quel que soit leur statut \u2013 r\u00e9fugi\u00e9s ou demandeurs d\u2019asile. Afin de mieux \u00e9valuer les vuln\u00e9rabilit\u00e9s et les situations personnelles, les partenaires du HCR ont men\u00e9 une <strong>enqu\u00eate t\u00e9l\u00e9phonique en d\u00e9cembre 2025<\/strong>. Les personnes \u00e9ligibles \u00e0 l\u2019assistance en esp\u00e8ces seront contact\u00e9es directement en <strong>mars 2026<\/strong>.<\/p>\n\n\n\n<p><mark style=\"background-color:#ffffff\" class=\"has-inline-color has-vivid-red-color\">Veuillez noter que le HCR <strong>n\u2019est pas en mesure de confirmer \u00e0 l\u2019avance l\u2019\u00e9ligibilit\u00e9 individuelle<\/strong> pour le prochain cycle de CBI. Afin de permettre au bureau de se concentrer sur la mise en \u0153uvre efficace du programme, nous prions les personnes concern\u00e9es de <strong>s\u2019abstenir d\u2019appeler ou de se rendre au bureau<\/strong> pour des demandes relatives \u00e0 l\u2019\u00e9ligibilit\u00e9 ou au calendrier.<\/mark><\/p>\n\n\n\n<p>Nous vous remercions de votre compr\u00e9hension.<\/p>\n<\/div>\n\n\n\n<hr class=\"wp-block-separator has-alpha-channel-opacity\" \/>\n\n\n\n<p class=\"has-large-font-size\"><strong><mark style=\"background-color:#ffffff\" class=\"has-inline-color has-vivid-cyan-blue-color\">Enqu\u00eate en ligne sur la r\u00e9unification familiale<\/mark><\/strong><\/p>\n\n\n\n<div class=\"wp-block-group is-vertical is-layout-flex wp-container-core-group-is-layout-8cf370e7 wp-block-group-is-layout-flex\">\n<div class=\"wp-block-group is-vertical is-layout-flex wp-container-core-group-is-layout-8cf370e7 wp-block-group-is-layout-flex\">\n<p>Aidez le HCR Alg\u00e9rie \u00e0 am\u00e9liorer son soutien en mati\u00e8re de r\u00e9unification familiale !Avez-vous d\u00e9j\u00e0 entendu parler de la r\u00e9unification familiale ? Que vous ayez une connaissance limit\u00e9e de ce sujet ou que vous soyez activement engag\u00e9 dans la r\u00e9unification avec un proche \u00e0 l&rsquo;\u00e9tranger, nous souhaitons conna\u00eetre votre opinion.<\/p>\n\n\n\n<div class=\"wp-block-group is-nowrap is-layout-flex wp-container-core-group-is-layout-ad2f72ca wp-block-group-is-layout-flex\">\n<p>Aidez-nous \u00e0 mettre en place des services adapt\u00e9s \u00e0 vos besoins.<\/p>\n\n\n\n<figure class=\"wp-block-image size-full is-resized\"><img loading=\"lazy\" decoding=\"async\" width=\"174\" height=\"173\" src=\"https:\/\/help.unhcr.org\/algeria\/wp-content\/uploads\/sites\/48\/2026\/01\/image-19-1.png\" alt=\"\" class=\"wp-image-2259\" style=\"width:156px;height:auto\" srcset=\"https:\/\/help.unhcr.org\/algeria\/wp-content\/uploads\/sites\/48\/2026\/01\/image-19-1.png 174w, https:\/\/help.unhcr.org\/algeria\/wp-content\/uploads\/sites\/48\/2026\/01\/image-19-1-150x150.png 150w\" sizes=\"auto, (max-width: 174px) 100vw, 174px\" \/><\/figure>\n<\/div>\n<\/div>\n\n\n\n<div class=\"wp-block-group is-vertical is-layout-flex wp-container-core-group-is-layout-8cf370e7 wp-block-group-is-layout-flex\">\n<p><strong>Scannez ce code QR et r\u00e9pondez d\u00e8s aujourd&rsquo;hui \u00e0 notre courte enqu\u00eate sur la r\u00e9unification familiale !<\/strong><\/p>\n\n\n\n<p>Vous pouvez \u00e9galement saisir directement ce lien dans votre navigateur <a href=\"https:\/\/bit.ly\/4iKIRr3\">https:\/\/bit.ly\/4iKIRr3<\/a><\/p>\n\n\n\n<p><strong>! Veuillez ne remplir ce questionnaire qu&rsquo;une seule fois !<\/strong> <\/p>\n\n\n\n<p>Si vous \u00eates actuellement en train de demander la r\u00e9unification familiale avec un proche et que vous avez besoin d&rsquo;aide, en plus de remplir le questionnaire, vous pouvez contacter le HCR Alg\u00e9rie au +213 (0) 23 05 28 53\/54 ou \u00e0 l&rsquo;adresse <a href=\"mailto:algalprt@unhcr.org\">algalprt@unhcr.org<\/a><\/p>\n<\/div>\n<\/div>\n\n\n\n<hr class=\"wp-block-separator has-alpha-channel-opacity\" \/>\n","protected":false},"excerpt":{"rendered":"<p>\ud83d\udcdaOpportunit\u00e9 de bourse : Master en ligne \u00e0 l\u2019AUB Nous avons le plaisir de vous informer que, dans le cadre d&rsquo;un appel \u00e0 candidatures lanc\u00e9 par la Fondation Mastercard, plusieurs bourses sont disponibles pour suivre un cursus de troisi\u00e8me cycle en ligne \u00e0 l&rsquo;Universit\u00e9 de Beyrouth. Le programme propose des bourses enti\u00e8rement financ\u00e9es destin\u00e9es aux [&hellip;]<\/p>\n","protected":false},"author":548,"featured_media":0,"parent":0,"menu_order":1,"comment_status":"closed","ping_status":"closed","template":"","meta":{"_acf_changed":false,"footnotes":""},"class_list":["post-2257","page","type-page","status-publish","hentry"],"acf":[],"_links":{"self":[{"href":"https:\/\/help.unhcr.org\/algeria\/fr\/wp-json\/wp\/v2\/pages\/2257","targetHints":{"allow":["GET"]}}],"collection":[{"href":"https:\/\/help.unhcr.org\/algeria\/fr\/wp-json\/wp\/v2\/pages"}],"about":[{"href":"https:\/\/help.unhcr.org\/algeria\/fr\/wp-json\/wp\/v2\/types\/page"}],"author":[{"embeddable":true,"href":"https:\/\/help.unhcr.org\/algeria\/fr\/wp-json\/wp\/v2\/users\/548"}],"replies":[{"embeddable":true,"href":"https:\/\/help.unhcr.org\/algeria\/fr\/wp-json\/wp\/v2\/comments?post=2257"}],"version-history":[{"count":17,"href":"https:\/\/help.unhcr.org\/algeria\/fr\/wp-json\/wp\/v2\/pages\/2257\/revisions"}],"predecessor-version":[{"id":2397,"href":"https:\/\/help.unhcr.org\/algeria\/fr\/wp-json\/wp\/v2\/pages\/2257\/revisions\/2397"}],"wp:attachment":[{"href":"https:\/\/help.unhcr.org\/algeria\/fr\/wp-json\/wp\/v2\/media?parent=2257"}],"curies":[{"name":"wp","href":"https:\/\/api.w.org\/{rel}","templated":true}]}}