{"id":2231,"date":"2026-01-28T14:08:24","date_gmt":"2026-01-28T14:08:24","guid":{"rendered":"https:\/\/help.unhcr.org\/algeria\/?page_id=2231"},"modified":"2026-01-28T14:08:24","modified_gmt":"2026-01-28T14:08:24","slug":"le-croissant-rouge-algerien","status":"publish","type":"page","link":"https:\/\/help.unhcr.org\/algeria\/fr\/nos-partenaires\/le-croissant-rouge-algerien\/","title":{"rendered":"Le Croissant-Rouge Alg\u00e9rien"},"content":{"rendered":"<div class=\"wp-block-image\">\n<figure class=\"alignleft size-full is-resized\"><img loading=\"lazy\" decoding=\"async\" width=\"600\" height=\"600\" src=\"https:\/\/help.unhcr.org\/algeria\/wp-content\/uploads\/sites\/48\/2025\/10\/image-1.png\" alt=\"\" class=\"wp-image-2142\" style=\"width:355px;height:auto\" srcset=\"https:\/\/help.unhcr.org\/algeria\/wp-content\/uploads\/sites\/48\/2025\/10\/image-1.png 600w, https:\/\/help.unhcr.org\/algeria\/wp-content\/uploads\/sites\/48\/2025\/10\/image-1-300x300.png 300w, https:\/\/help.unhcr.org\/algeria\/wp-content\/uploads\/sites\/48\/2025\/10\/image-1-150x150.png 150w\" sizes=\"auto, (max-width: 600px) 100vw, 600px\" \/><\/figure><\/div>\n\n\n<p><\/p>\n\n\n\n<p>The Algerian Red Crescent (ARC) is a national humanitarian organization. In partnership with the United Nations High Commissioner for Refugees (UNHCR), it provides medical and psychosocial assistance to refugees and asylum seekers registered with the UNHCR office in Algiers.<\/p>\n\n\n\n<hr class=\"wp-block-separator has-alpha-channel-opacity\" \/>\n\n\n\n<p class=\"has-large-font-size\"><strong>Quels services le Croissant-Rouge alg\u00e9rien fournit-il ?<\/strong><\/p>\n\n\n\n<div style=\"height:35px\" aria-hidden=\"true\" class=\"wp-block-spacer\"><\/div>\n\n\n\n<p><strong>Orientation et accompagnement vers les h\u00f4pitaux publics :<\/strong> Les r\u00e9fugi\u00e9s et demandeurs d\u2019asile ont un acc\u00e8s gratuit aux h\u00f4pitaux publics. Le <strong>Croissant-Rouge alg\u00e9rien (CRA)<\/strong> fournit des conseils, des informations sur les services de sant\u00e9 disponibles et, si n\u00e9cessaire, un m\u00e9decin peut les orienter ou les accompagner vers l\u2019\u00e9tablissement le plus adapt\u00e9.<\/p>\n\n\n\n<hr class=\"wp-block-separator has-alpha-channel-opacity\" \/>\n\n\n\n<p><strong>Prise en charge confidentielle des survivants de violences sexuelles :<\/strong> Fournie par un service sp\u00e9cialis\u00e9, en garantissant la confidentialit\u00e9, le respect de la volont\u00e9 du survivant et son consentement \u00e9clair\u00e9.<\/p>\n\n\n\n<hr class=\"wp-block-separator has-alpha-channel-opacity\" \/>\n\n\n\n<p>Soutien psychologique, assistance psychosociale et campagnes de sensibilisation.<\/p>\n\n\n\n<hr class=\"wp-block-separator has-alpha-channel-opacity\" \/>\n\n\n\n<p><strong><strong>Suivi m\u00e9dical et orientation des femmes enceintes :<\/strong> <\/strong>Pour assurer des soins m\u00e9dicaux appropri\u00e9s avant et apr\u00e8s l\u2019accouchement.<\/p>\n\n\n\n<hr class=\"wp-block-separator has-alpha-channel-opacity\" \/>\n\n\n\n<p><strong>D\u00e9pistage volontaire, suivi et traitement du VIH et des autres IST :<\/strong> Fournis dans des centres de sant\u00e9 sp\u00e9cialis\u00e9s.<\/p>\n\n\n\n<hr class=\"wp-block-separator has-alpha-channel-opacity\" \/>\n\n\n\n<p>Vaccination and support for children.<\/p>\n\n\n\n<hr class=\"wp-block-separator has-alpha-channel-opacity\" \/>\n\n\n\n<p><strong>Contribution aux frais m\u00e9dicaux :<\/strong> (consultations, m\u00e9dicaments, examens m\u00e9dicaux), sous r\u00e9serve d\u2019une approbation pr\u00e9alable du <strong>Croissant-Rouge alg\u00e9rien (CRA)<\/strong>.<\/p>\n\n\n\n<hr class=\"wp-block-separator has-alpha-channel-opacity\" \/>\n\n\n\n<p>? <strong>Croissant-Rouge alg\u00e9rien :<\/strong> 22, boulevard Colonel Bougara \u2013 El Biar<\/p>\n\n\n\n<p>? <strong>T\u00e9l\u00e9phone :<\/strong> 028.16.62.24<br>? <strong>Assistance psychosociale :<\/strong> 05.60.00.13.38<br>? <mark class=\"has-inline-color has-vivid-red-color\"><strong>Urgences m\u00e9dicales :<\/strong> 05.60.00.20.06<\/mark><br>? <strong>E-mail :<\/strong> <a>feedbacks-health@cra.dz<\/a><\/p>\n\n\n\n<p><\/p>\n","protected":false},"excerpt":{"rendered":"<p>The Algerian Red Crescent (ARC) is a national humanitarian organization. In partnership with the United Nations High Commissioner for Refugees (UNHCR), it provides medical and psychosocial assistance to refugees and asylum seekers registered with the UNHCR office in Algiers. Quels services le Croissant-Rouge alg\u00e9rien fournit-il ? Orientation et accompagnement vers les h\u00f4pitaux publics : Les [&hellip;]<\/p>\n","protected":false},"author":548,"featured_media":0,"parent":2221,"menu_order":0,"comment_status":"closed","ping_status":"closed","template":"","meta":{"_acf_changed":false,"footnotes":""},"class_list":["post-2231","page","type-page","status-publish","hentry"],"acf":[],"_links":{"self":[{"href":"https:\/\/help.unhcr.org\/algeria\/fr\/wp-json\/wp\/v2\/pages\/2231","targetHints":{"allow":["GET"]}}],"collection":[{"href":"https:\/\/help.unhcr.org\/algeria\/fr\/wp-json\/wp\/v2\/pages"}],"about":[{"href":"https:\/\/help.unhcr.org\/algeria\/fr\/wp-json\/wp\/v2\/types\/page"}],"author":[{"embeddable":true,"href":"https:\/\/help.unhcr.org\/algeria\/fr\/wp-json\/wp\/v2\/users\/548"}],"replies":[{"embeddable":true,"href":"https:\/\/help.unhcr.org\/algeria\/fr\/wp-json\/wp\/v2\/comments?post=2231"}],"version-history":[{"count":6,"href":"https:\/\/help.unhcr.org\/algeria\/fr\/wp-json\/wp\/v2\/pages\/2231\/revisions"}],"predecessor-version":[{"id":2239,"href":"https:\/\/help.unhcr.org\/algeria\/fr\/wp-json\/wp\/v2\/pages\/2231\/revisions\/2239"}],"up":[{"embeddable":true,"href":"https:\/\/help.unhcr.org\/algeria\/fr\/wp-json\/wp\/v2\/pages\/2221"}],"wp:attachment":[{"href":"https:\/\/help.unhcr.org\/algeria\/fr\/wp-json\/wp\/v2\/media?parent=2231"}],"curies":[{"name":"wp","href":"https:\/\/api.w.org\/{rel}","templated":true}]}}