{"id":2227,"date":"2026-01-28T14:34:32","date_gmt":"2026-01-28T14:34:32","guid":{"rendered":"https:\/\/help.unhcr.org\/algeria\/?page_id=2227"},"modified":"2026-01-28T14:34:32","modified_gmt":"2026-01-28T14:34:32","slug":"afad","status":"publish","type":"page","link":"https:\/\/help.unhcr.org\/algeria\/fr\/nos-partenaires\/afad\/","title":{"rendered":"AFAD"},"content":{"rendered":"<div class=\"wp-block-image\">\n<figure class=\"alignleft size-full is-resized\"><img loading=\"lazy\" decoding=\"async\" width=\"225\" height=\"225\" src=\"https:\/\/help.unhcr.org\/algeria\/wp-content\/uploads\/sites\/48\/2025\/10\/image.png\" alt=\"\" class=\"wp-image-2137\" style=\"width:269px;height:auto\" srcset=\"https:\/\/help.unhcr.org\/algeria\/wp-content\/uploads\/sites\/48\/2025\/10\/image.png 225w, https:\/\/help.unhcr.org\/algeria\/wp-content\/uploads\/sites\/48\/2025\/10\/image-150x150.png 150w\" sizes=\"auto, (max-width: 225px) 100vw, 225px\" \/><\/figure><\/div>\n\n\n<p><\/p>\n\n\n\n<p>L\u2019Association <strong>AFAD<\/strong>, en partenariat avec le <strong>HCR<\/strong>, promeut l\u2019\u00e9galit\u00e9 des chances, lutte contre les violences bas\u00e9es sur le genre et am\u00e9liore les conditions de vie des populations vuln\u00e9rables gr\u00e2ce \u00e0 l\u2019acc\u00e8s \u00e0 l\u2019\u00e9ducation, aux soins de sant\u00e9 et \u00e0 la protection sociale.<\/p>\n\n\n\n<p><\/p>\n\n\n\n<hr class=\"wp-block-separator has-alpha-channel-opacity\" \/>\n\n\n\n<p class=\"has-large-font-size\"><strong>Quels services AFAD propose-t-elle ?<\/strong><\/p>\n\n\n\n<hr class=\"wp-block-separator has-alpha-channel-opacity\" \/>\n\n\n\n<p><strong>1. Projet \u00c9ducation :<\/strong><\/p>\n\n\n\n<ul class=\"wp-block-list\">\n<li>Accompagnement des enfants r\u00e9fugi\u00e9s et demandeurs d\u2019asile pour l\u2019inscription et la r\u00e9inscription scolaires.<\/li>\n\n\n\n<li>Distribution de kits scolaires et fourniture de mat\u00e9riel pour faciliter l\u2019acc\u00e8s \u00e0 l\u2019\u00e9ducation.<\/li>\n\n\n\n<li>Suivi de l\u2019assiduit\u00e9, de la fr\u00e9quentation et du rendement scolaire des \u00e9l\u00e8ves.<\/li>\n\n\n\n<li>Orientation et soutien pour l\u2019int\u00e9gration des \u00e9tudiants dans le programme DAFI.<\/li>\n\n\n\n<li>Sensibilisation des familles sur l\u2019importance de l\u2019\u00e9ducation et pr\u00e9vention du d\u00e9crochage scolaire.<\/li>\n\n\n\n<li>Soutien sp\u00e9cifique aux enfants en situation de vuln\u00e9rabilit\u00e9 (handicap, difficult\u00e9s d\u2019adaptation, d\u00e9crochage scolaire).<\/li>\n<\/ul>\n\n\n\n<hr class=\"wp-block-separator has-alpha-channel-opacity\" \/>\n\n\n\n<p><strong>2. Projet Violence Bas\u00e9e sur le Genre (VBG) :<\/strong><\/p>\n\n\n\n<ul class=\"wp-block-list\">\n<li>Prise en charge psychosociale des survivantes de violences bas\u00e9es sur le genre.<\/li>\n\n\n\n<li>Orientation vers des structures m\u00e9dicales, sociales et juridiques sp\u00e9cialis\u00e9es.<\/li>\n\n\n\n<li>Mise \u00e0 disposition d\u2019un espace s\u00fbr (shelter) pour les femmes et enfants en danger.<\/li>\n\n\n\n<li>Suivi individualis\u00e9 et accompagnement des cas de VBG.<\/li>\n\n\n\n<li>Sensibilisation et sessions de pr\u00e9vention aupr\u00e8s des femmes, des familles et des communaut\u00e9s.<\/li>\n\n\n\n<li>Intervention d\u2019urgence en cas de violence, d\u2019abus ou de menace grave.<\/li>\n<\/ul>\n\n\n\n<hr class=\"wp-block-separator has-alpha-channel-opacity\" \/>\n\n\n\n<p>? <strong>Alger :<\/strong> B 94, rue Didouche Mourad \u2013 Alger<\/p>\n\n\n\n<p>? <strong>Pour les questions li\u00e9es \u00e0 l\u2019\u00e9ducation :<\/strong> 0773218541, 0773600508, 0772315147<\/p>\n\n\n\n<p>? <strong>Pour les questions relatives \u00e0 la bourse DAFI :<\/strong> 0542473494<\/p>\n\n\n\n<p>? <strong>Violences bas\u00e9es sur le genre (VBG) :<\/strong> 0798424569, 077084913<\/p>\n\n\n\n<p><\/p>\n","protected":false},"excerpt":{"rendered":"<p>L\u2019Association AFAD, en partenariat avec le HCR, promeut l\u2019\u00e9galit\u00e9 des chances, lutte contre les violences bas\u00e9es sur le genre et am\u00e9liore les conditions de vie des populations vuln\u00e9rables gr\u00e2ce \u00e0 l\u2019acc\u00e8s \u00e0 l\u2019\u00e9ducation, aux soins de sant\u00e9 et \u00e0 la protection sociale. Quels services AFAD propose-t-elle ? 1. Projet \u00c9ducation : 2. Projet Violence Bas\u00e9e [&hellip;]<\/p>\n","protected":false},"author":548,"featured_media":0,"parent":2221,"menu_order":0,"comment_status":"closed","ping_status":"closed","template":"","meta":{"_acf_changed":false,"footnotes":""},"class_list":["post-2227","page","type-page","status-publish","hentry"],"acf":[],"_links":{"self":[{"href":"https:\/\/help.unhcr.org\/algeria\/fr\/wp-json\/wp\/v2\/pages\/2227","targetHints":{"allow":["GET"]}}],"collection":[{"href":"https:\/\/help.unhcr.org\/algeria\/fr\/wp-json\/wp\/v2\/pages"}],"about":[{"href":"https:\/\/help.unhcr.org\/algeria\/fr\/wp-json\/wp\/v2\/types\/page"}],"author":[{"embeddable":true,"href":"https:\/\/help.unhcr.org\/algeria\/fr\/wp-json\/wp\/v2\/users\/548"}],"replies":[{"embeddable":true,"href":"https:\/\/help.unhcr.org\/algeria\/fr\/wp-json\/wp\/v2\/comments?post=2227"}],"version-history":[{"count":3,"href":"https:\/\/help.unhcr.org\/algeria\/fr\/wp-json\/wp\/v2\/pages\/2227\/revisions"}],"predecessor-version":[{"id":2298,"href":"https:\/\/help.unhcr.org\/algeria\/fr\/wp-json\/wp\/v2\/pages\/2227\/revisions\/2298"}],"up":[{"embeddable":true,"href":"https:\/\/help.unhcr.org\/algeria\/fr\/wp-json\/wp\/v2\/pages\/2221"}],"wp:attachment":[{"href":"https:\/\/help.unhcr.org\/algeria\/fr\/wp-json\/wp\/v2\/media?parent=2227"}],"curies":[{"name":"wp","href":"https:\/\/api.w.org\/{rel}","templated":true}]}}