{"id":2221,"date":"2026-01-28T14:07:30","date_gmt":"2026-01-28T14:07:30","guid":{"rendered":"https:\/\/help.unhcr.org\/algeria\/?page_id=2221"},"modified":"2026-01-28T15:07:10","modified_gmt":"2026-01-28T15:07:10","slug":"nos-partenaires","status":"publish","type":"page","link":"https:\/\/help.unhcr.org\/algeria\/fr\/nos-partenaires\/","title":{"rendered":"nos partenaires"},"content":{"rendered":"\n<div class=\"wp-block-buttons has-custom-font-size has-medium-font-size is-content-justification-center is-layout-flex wp-container-core-buttons-is-layout-16018d1d wp-block-buttons-is-layout-flex\">\n<div class=\"wp-block-button has-custom-width wp-block-button__width-50\"><a class=\"wp-block-button__link has-vivid-cyan-blue-background-color has-background has-large-font-size has-custom-font-size wp-element-button\" href=\"https:\/\/help.unhcr.org\/algeria\/fr\/nos-partenaires\/afad\/\" style=\"border-radius:0px\"><strong><mark style=\"background-color:#0693e3\" class=\"has-inline-color has-black-color\">R\u00e9ponse \u00e0 la violence bas\u00e9e sur le genre (VBG) &amp; \u00c9ducation : AFAD<\/mark><\/strong><\/a><\/div>\n\n\n\n<div class=\"wp-block-button has-custom-width wp-block-button__width-50\"><a class=\"wp-block-button__link has-vivid-cyan-blue-background-color has-background has-large-font-size has-custom-font-size wp-element-button\" href=\"https:\/\/help.unhcr.org\/algeria\/fr\/nos-partenaires\/le-croissant-rouge-algerien\/\" style=\"border-radius:0px\"><strong><mark style=\"background-color:#0693e3\" class=\"has-inline-color has-black-color\">Sant\u00e9 :<\/mark><\/strong> <strong><mark style=\"background-color:#0693e3\" class=\"has-inline-color has-black-color\">CRA<\/mark><\/strong><\/a><\/div>\n\n\n\n<div class=\"wp-block-button has-custom-width wp-block-button__width-50\"><a class=\"wp-block-button__link has-vivid-cyan-blue-background-color has-background has-large-font-size has-custom-font-size wp-element-button\" href=\"https:\/\/help.unhcr.org\/algeria\/fr\/nos-partenaires\/amana\/\" style=\"border-radius:0px\"><strong><mark style=\"background-color:#0693e3\" class=\"has-inline-color has-black-color\">Protection de l\u2019enfance : AMANA<\/mark><\/strong><\/a><\/div>\n\n\n\n<div class=\"wp-block-button has-custom-width wp-block-button__width-50 is-style-fill\"><a class=\"wp-block-button__link has-vivid-cyan-blue-background-color has-background has-large-font-size has-custom-font-size wp-element-button\" href=\"https:\/\/help.unhcr.org\/algeria\/fr\/nos-partenaires\/anej\/\" style=\"border-radius:0px\"><strong><mark style=\"background-color:#0693e3\" class=\"has-inline-color has-black-color\">Formation professionnelle :<\/mark><\/strong> <mark style=\"background-color:#0693e3\" class=\"has-inline-color has-black-color\"><strong>ANEJ<\/strong><\/mark><\/a><\/div>\n<\/div>\n\n\n\n<p class=\"has-large-font-size\"><mark style=\"background-color:#ffffff\" class=\"has-inline-color has-vivid-cyan-blue-color\">Veuillez noter que tous les services offerts par les partenaires du HCR sont<strong> gratuits.<\/strong><\/mark><\/p>\n\n\n\n<p><\/p>\n","protected":false},"excerpt":{"rendered":"<p>Veuillez noter que tous les services offerts par les partenaires du HCR sont gratuits.<\/p>\n","protected":false},"author":548,"featured_media":0,"parent":0,"menu_order":4,"comment_status":"closed","ping_status":"closed","template":"","meta":{"_acf_changed":false,"footnotes":""},"class_list":["post-2221","page","type-page","status-publish","hentry"],"acf":[],"_links":{"self":[{"href":"https:\/\/help.unhcr.org\/algeria\/fr\/wp-json\/wp\/v2\/pages\/2221","targetHints":{"allow":["GET"]}}],"collection":[{"href":"https:\/\/help.unhcr.org\/algeria\/fr\/wp-json\/wp\/v2\/pages"}],"about":[{"href":"https:\/\/help.unhcr.org\/algeria\/fr\/wp-json\/wp\/v2\/types\/page"}],"author":[{"embeddable":true,"href":"https:\/\/help.unhcr.org\/algeria\/fr\/wp-json\/wp\/v2\/users\/548"}],"replies":[{"embeddable":true,"href":"https:\/\/help.unhcr.org\/algeria\/fr\/wp-json\/wp\/v2\/comments?post=2221"}],"version-history":[{"count":7,"href":"https:\/\/help.unhcr.org\/algeria\/fr\/wp-json\/wp\/v2\/pages\/2221\/revisions"}],"predecessor-version":[{"id":2308,"href":"https:\/\/help.unhcr.org\/algeria\/fr\/wp-json\/wp\/v2\/pages\/2221\/revisions\/2308"}],"wp:attachment":[{"href":"https:\/\/help.unhcr.org\/algeria\/fr\/wp-json\/wp\/v2\/media?parent=2221"}],"curies":[{"name":"wp","href":"https:\/\/api.w.org\/{rel}","templated":true}]}}