{"id":192,"date":"2019-12-26T09:18:47","date_gmt":"2019-12-26T09:18:47","guid":{"rendered":"http:\/\/help.unhcr.org\/algeria\/applying-for-asylum\/"},"modified":"2025-11-13T10:39:29","modified_gmt":"2025-11-13T10:39:29","slug":"applying-for-asylum","status":"publish","type":"page","link":"https:\/\/help.unhcr.org\/algeria\/fr\/applying-for-asylum\/","title":{"rendered":"Comment demander la d\u00e9termination du statut de r\u00e9fugi\u00e9 en Alg\u00e9rie ?"},"content":{"rendered":"\n<p class=\"has-large-font-size\"><mark style=\"color:#5b92e5\" class=\"has-inline-color\"><strong>Comment demander l\u2019asile en Alg\u00e9rie ?<\/strong><\/mark><\/p>\n\n\n\n<figure class=\"wp-block-image size-large\"><img loading=\"lazy\" decoding=\"async\" width=\"724\" height=\"1024\" src=\"https:\/\/help.unhcr.org\/algeria\/wp-content\/uploads\/sites\/48\/2022\/10\/Asylum-procedure-1-1-724x1024.png\" alt=\"\" class=\"wp-image-1610\" srcset=\"https:\/\/help.unhcr.org\/algeria\/wp-content\/uploads\/sites\/48\/2022\/10\/Asylum-procedure-1-1-724x1024.png 724w, https:\/\/help.unhcr.org\/algeria\/wp-content\/uploads\/sites\/48\/2022\/10\/Asylum-procedure-1-1-212x300.png 212w, https:\/\/help.unhcr.org\/algeria\/wp-content\/uploads\/sites\/48\/2022\/10\/Asylum-procedure-1-1-768x1086.png 768w, https:\/\/help.unhcr.org\/algeria\/wp-content\/uploads\/sites\/48\/2022\/10\/Asylum-procedure-1-1-1086x1536.png 1086w, https:\/\/help.unhcr.org\/algeria\/wp-content\/uploads\/sites\/48\/2022\/10\/Asylum-procedure-1-1-1448x2048.png 1448w, https:\/\/help.unhcr.org\/algeria\/wp-content\/uploads\/sites\/48\/2022\/10\/Asylum-procedure-1-1.png 1587w\" sizes=\"auto, (max-width: 724px) 100vw, 724px\" \/><\/figure>\n\n\n\n<hr class=\"wp-block-separator has-alpha-channel-opacity\" \/>\n\n\n\n<p class=\"has-large-font-size\"><mark style=\"color:#5b92e5\" class=\"has-inline-color\"><strong>Comment se d\u00e9roule la proc\u00e9dure d\u2019asile en Alg\u00e9rie ?<\/strong><\/mark><\/p>\n\n\n\n<figure class=\"wp-block-image size-large\"><img loading=\"lazy\" decoding=\"async\" width=\"724\" height=\"1024\" src=\"https:\/\/help.unhcr.org\/algeria\/wp-content\/uploads\/sites\/48\/2022\/10\/Asylum-procedure-2-1-724x1024.png\" alt=\"\" class=\"wp-image-1607\" srcset=\"https:\/\/help.unhcr.org\/algeria\/wp-content\/uploads\/sites\/48\/2022\/10\/Asylum-procedure-2-1-724x1024.png 724w, https:\/\/help.unhcr.org\/algeria\/wp-content\/uploads\/sites\/48\/2022\/10\/Asylum-procedure-2-1-212x300.png 212w, https:\/\/help.unhcr.org\/algeria\/wp-content\/uploads\/sites\/48\/2022\/10\/Asylum-procedure-2-1-768x1086.png 768w, https:\/\/help.unhcr.org\/algeria\/wp-content\/uploads\/sites\/48\/2022\/10\/Asylum-procedure-2-1-1086x1536.png 1086w, https:\/\/help.unhcr.org\/algeria\/wp-content\/uploads\/sites\/48\/2022\/10\/Asylum-procedure-2-1-1448x2048.png 1448w, https:\/\/help.unhcr.org\/algeria\/wp-content\/uploads\/sites\/48\/2022\/10\/Asylum-procedure-2-1.png 1587w\" sizes=\"auto, (max-width: 724px) 100vw, 724px\" \/><\/figure>\n","protected":false},"excerpt":{"rendered":"<p>Comment demander l\u2019asile en Alg\u00e9rie ? Comment se d\u00e9roule la proc\u00e9dure d\u2019asile en Alg\u00e9rie ?<\/p>\n","protected":false},"author":1,"featured_media":0,"parent":0,"menu_order":3,"comment_status":"closed","ping_status":"closed","template":"","meta":{"_acf_changed":false,"footnotes":""},"class_list":["post-192","page","type-page","status-publish","hentry"],"acf":[],"_links":{"self":[{"href":"https:\/\/help.unhcr.org\/algeria\/fr\/wp-json\/wp\/v2\/pages\/192","targetHints":{"allow":["GET"]}}],"collection":[{"href":"https:\/\/help.unhcr.org\/algeria\/fr\/wp-json\/wp\/v2\/pages"}],"about":[{"href":"https:\/\/help.unhcr.org\/algeria\/fr\/wp-json\/wp\/v2\/types\/page"}],"author":[{"embeddable":true,"href":"https:\/\/help.unhcr.org\/algeria\/fr\/wp-json\/wp\/v2\/users\/1"}],"replies":[{"embeddable":true,"href":"https:\/\/help.unhcr.org\/algeria\/fr\/wp-json\/wp\/v2\/comments?post=192"}],"version-history":[{"count":16,"href":"https:\/\/help.unhcr.org\/algeria\/fr\/wp-json\/wp\/v2\/pages\/192\/revisions"}],"predecessor-version":[{"id":2220,"href":"https:\/\/help.unhcr.org\/algeria\/fr\/wp-json\/wp\/v2\/pages\/192\/revisions\/2220"}],"wp:attachment":[{"href":"https:\/\/help.unhcr.org\/algeria\/fr\/wp-json\/wp\/v2\/media?parent=192"}],"curies":[{"name":"wp","href":"https:\/\/api.w.org\/{rel}","templated":true}]}}