{"id":1634,"date":"2022-11-06T14:50:49","date_gmt":"2022-11-06T14:50:49","guid":{"rendered":"https:\/\/help.unhcr.org\/algeria\/?page_id=1634"},"modified":"2022-11-13T15:23:30","modified_gmt":"2022-11-13T15:23:30","slug":"annonces","status":"publish","type":"page","link":"https:\/\/help.unhcr.org\/algeria\/fr\/annonces\/","title":{"rendered":"Opportunit\u00e9s"},"content":{"rendered":"\n<p class=\"has-text-color\" style=\"color:#007fc2\"><strong>Appel \u00e0 candidatures pour les familles d\u2019accueil<br>UNHCR Alg\u00e9rie (Alger)<\/strong><\/p>\n\n\n\n<p><br>Afin d\u2019assurer le meilleur int\u00e9r\u00eat des enfants r\u00e9fugi\u00e9s et demandeurs d\u2019asile sous le mandat du HautCommissariat des Nations Unies (HCR) pour les R\u00e9fugi\u00e9s, le bureau d\u2019Alger lance un appel \u00e0<br>candidatures pour les familles et individus souhaitant collaborer avec le HCR pour garantir la<br>protection des enfants non accompagn\u00e9s,s\u00e9par\u00e9s de leurs familles ou enfants \u00e0 risque en les accueillant<br>et les prenant en charge.<br>Pour cela, le HCR recherche des R\u00e9fugi\u00e9s qui seront int\u00e9ress\u00e9s d\u2019\u00eatre famille d\u2019accueil pour des enfants<br>non accompagn\u00e9s, s\u00e9par\u00e9s de leurs familles ou enfants \u00e0 risque durant plusieurs mois ou semaines.<\/p>\n\n\n\n<p class=\"has-text-color\" style=\"color:#007fc2\"><br><strong>Mission:<\/strong><\/p>\n\n\n\n<ul class=\"wp-block-list\"><li>La famille d\u2019accueil garantit la s\u00e9curit\u00e9 et la protection n\u00e9cessaires et recommand\u00e9es pour l\u2019enfant<\/li><li>La famille d\u2019accueil t\u00e2che de satisfaire les besoins de base de l\u2019enfant (nourriture, sant\u00e9, activit\u00e9s et autre)<\/li><li>La famille d\u2019accueil accompagne l\u2019enfant pour garantir son bien-\u00eatre et son d\u00e9veloppement<\/li><li>La famille d\u2019accueil rapporte au HCR et \u00e0 ses partenaires tout besoin ou risque identifi\u00e9 pour l\u2019enfant<\/li><li>La famille accueillera l\u2019enfant dans l\u2019appartement o\u00f9 elle vit et qu\u2019il soit un espace appropri\u00e9<\/li><li>La famille d\u2019accueil assure une bonne int\u00e9gration de l\u2019enfant<\/li><li>La famille d\u2019accueil assure une gestion confidentielle des donn\u00e9es personnelles qui concerne l\u2019enfant<\/li><li>La famille d\u2019accueil doit suivre toute formation fournie par le HCR ou Adwaa Rights qui est li\u00e9e \u00e0 la<br>protection de l\u2019enfant, gestion de conflit, gestion des \u00e9motions, gestion du budget, petite enfance,<br>\u00e9ducation, p\u00e9dagogie et autre.<\/li><li>La famille d\u2019accueil doit accepter des visites r\u00e9guli\u00e8res des assistantes sociales et du HCR.<br><\/li><\/ul>\n\n\n\n<p class=\"has-text-color\" style=\"color:#007fc2\"><strong>Criteres:<\/strong><\/p>\n\n\n\n<ol class=\"wp-block-list\"><li>Les familles d\u2019accueil devraient consister en deux personnes (homme\/femme, hommes ou femmes); un<br>point focal principal et un back-up que les enfants connaissent bien. L\u2019accord d\u2019engagement doit \u00eatre<br>obtenu des deux points focaux de la famille d\u2019accueil.<\/li><li>Le point focal de la famille d\u2019accueil doit \u00eatre enregistr\u00e9 au UNHCR et doit avoir le statut refugi\u00e9<\/li><li>Le point focal de la famille d\u2019accueil doit \u00eatre majeur (minimum 25ans)<\/li><li>Le point focal de la famille d\u2019accueil doit \u00eatre un parent ou avoir une exp\u00e9rience ant\u00e9c\u00e9dente avec les<br>enfants<\/li><li>Un minimum de s\u00e9jour d\u2019une ann\u00e9e en Alg\u00e9rie pour connaitre le contexte<\/li><li>Optionnel : Des connaissances des principes de la protection de l\u2019enfance et protection internationale<br>des refugi\u00e9 seront un plus<br>Les familles d\u2019accueil recevront une compensation financi\u00e8re pour leurs services.<\/li><\/ol>\n\n\n\n<p class=\"has-vivid-red-color has-text-color\">Vous pouvez postuler et soumettre le formulaire en ligne, sur ce lien: <\/p>\n\n\n\n<p><a href=\"https:\/\/enketo.unhcr.org\/x\/dKdYBevq\">https:\/\/enketo.unhcr.org\/x\/dKdYBevq<\/a><\/p>\n\n\n\n<p><\/p>\n\n\n\n<p><\/p>\n\n\n\n<p><\/p>\n","protected":false},"excerpt":{"rendered":"<p>Appel \u00e0 candidatures pour les familles d\u2019accueilUNHCR Alg\u00e9rie (Alger) Afin d\u2019assurer le meilleur int\u00e9r\u00eat des enfants r\u00e9fugi\u00e9s et demandeurs d\u2019asile sous le mandat du HautCommissariat des Nations Unies (HCR) pour les R\u00e9fugi\u00e9s, le bureau d\u2019Alger lance un appel \u00e0candidatures pour les familles et individus souhaitant collaborer avec le HCR pour garantir laprotection des enfants non [&hellip;]<\/p>\n","protected":false},"author":276,"featured_media":0,"parent":0,"menu_order":6,"comment_status":"closed","ping_status":"closed","template":"","meta":{"_acf_changed":false,"footnotes":""},"class_list":["post-1634","page","type-page","status-publish","hentry"],"acf":[],"_links":{"self":[{"href":"https:\/\/help.unhcr.org\/algeria\/fr\/wp-json\/wp\/v2\/pages\/1634","targetHints":{"allow":["GET"]}}],"collection":[{"href":"https:\/\/help.unhcr.org\/algeria\/fr\/wp-json\/wp\/v2\/pages"}],"about":[{"href":"https:\/\/help.unhcr.org\/algeria\/fr\/wp-json\/wp\/v2\/types\/page"}],"author":[{"embeddable":true,"href":"https:\/\/help.unhcr.org\/algeria\/fr\/wp-json\/wp\/v2\/users\/276"}],"replies":[{"embeddable":true,"href":"https:\/\/help.unhcr.org\/algeria\/fr\/wp-json\/wp\/v2\/comments?post=1634"}],"version-history":[{"count":2,"href":"https:\/\/help.unhcr.org\/algeria\/fr\/wp-json\/wp\/v2\/pages\/1634\/revisions"}],"predecessor-version":[{"id":1645,"href":"https:\/\/help.unhcr.org\/algeria\/fr\/wp-json\/wp\/v2\/pages\/1634\/revisions\/1645"}],"wp:attachment":[{"href":"https:\/\/help.unhcr.org\/algeria\/fr\/wp-json\/wp\/v2\/media?parent=1634"}],"curies":[{"name":"wp","href":"https:\/\/api.w.org\/{rel}","templated":true}]}}