{"id":145,"date":"2019-12-26T09:08:29","date_gmt":"2019-12-26T09:08:29","guid":{"rendered":"http:\/\/help.unhcr.org\/algeria\/welcome-2\/"},"modified":"2025-11-13T10:33:24","modified_gmt":"2025-11-13T10:33:24","slug":"welcome","status":"publish","type":"page","link":"https:\/\/help.unhcr.org\/algeria\/fr\/","title":{"rendered":"Bienvenue"},"content":{"rendered":"\n<p>Ce site web a \u00e9t\u00e9 mis en place par le HCR en Alg\u00e9rie afin d\u2019offrir un soutien et de fournir des informations essentielles aux r\u00e9fugi\u00e9s, aux demandeurs d\u2019asile ainsi qu\u2019\u00e0 toute personne n\u00e9cessitant une protection internationale en Alg\u00e9rie.<\/p>\n\n\n\n<div class=\"wp-block-group\"><div class=\"wp-block-group__inner-container is-layout-flow wp-block-group-is-layout-flow\">\n<p>Sur ce site, vous trouverez des liens utiles et des informations concernant :<\/p>\n\n\n\n<ul class=\"wp-block-list\">\n<li>La proc\u00e9dure pour demander l\u2019asile en Alg\u00e9rie<\/li>\n\n\n\n<li>La demande de r\u00e9unification familiale<\/li>\n\n\n\n<li>Les opportunit\u00e9s \u00e9ducatives<\/li>\n\n\n\n<li>La mani\u00e8re de contacter le HCR en Alg\u00e9rie<\/li>\n<\/ul>\n\n\n\n<hr class=\"wp-block-separator has-alpha-channel-opacity\" \/>\n\n\n\n<p>? Pour toute demande li\u00e9e \u00e0 l\u2019enregistrement, veuillez \u00e9crire \u00e0 : <strong><a>algalreg@unhcr.org<\/a><\/strong><\/p>\n\n\n\n<p>? Pour toute demande li\u00e9e \u00e0 la protection, veuillez \u00e9crire \u00e0 : <strong><a>algalprt@unhcr.org<\/a><\/strong><\/p>\n\n\n\n<p>\u260e\ufe0f En cas d\u2019arrestation ou de refoulement, contactez imm\u00e9diatement la ligne d\u2019urgence : <strong>0661 69 68 41<\/strong><\/p>\n\n\n\n<p class=\"has-text-align-center has-white-color has-vivid-cyan-blue-background-color has-text-color has-background\"><a href=\"https:\/\/emojipedia.org\/page-facing-up\/\">?<\/a> Veuillez noter que la pr\u00e9sence de<strong> tous les membres de la famille enregistr\u00e9s<\/strong> est obligatoire au cours du <strong>renouvellement <\/strong>des documents <a href=\"https:\/\/emojipedia.org\/family\/\">?<\/a><\/p>\n<\/div><\/div>\n\n\n\n<p class=\"has-text-align-center has-white-background-color has-background\"><\/p>\n\n\n\n<p><\/p>\n\n\n\n<p><mark><strong><a href=\"https:\/\/emojipedia.org\/money-bag\/\">?<\/a><\/strong><\/mark> <strong>Tous les services du HCR sont gratuits, qu&rsquo;ils soient fournis directement ou par l&rsquo;interm\u00e9diaire de ses partenaires. Toute personne, y compris un employ\u00e9 du HCR, ou une organisation pr\u00e9tendant pouvoir aider un demandeur d&rsquo;asile ou un r\u00e9fugi\u00e9 \u00e0 b\u00e9n\u00e9ficier d&rsquo;un service du HCR contre de l&rsquo;argent ou des faveurs doit \u00eatre<a href=\"https:\/\/help.unhcr.org\/algeria\/fr\/complaints\/\" target=\"_blank\" rel=\"noreferrer noopener\"> signal\u00e9e au HCR imm\u00e9diatement.<\/a><\/strong><\/p>\n\n\n\n<p>Ce site a \u00e9t\u00e9 cr\u00e9\u00e9 par le HCR en Alg\u00e9rie pour soutenir et fournir des informations aux r\u00e9fugi\u00e9s, demandeurs d&rsquo;asile et autres personnes ayant besoin d&rsquo;une protection internationale en Alg\u00e9rie.<\/p>\n\n\n\n<p>Le site sera continuellement mis \u00e0 jour.<\/p>\n\n\n\n<p><\/p>\n","protected":false},"excerpt":{"rendered":"<p>Ce site web a \u00e9t\u00e9 mis en place par le HCR en Alg\u00e9rie afin d\u2019offrir un soutien et de fournir des informations essentielles aux r\u00e9fugi\u00e9s, aux demandeurs d\u2019asile ainsi qu\u2019\u00e0 toute personne n\u00e9cessitant une protection internationale en Alg\u00e9rie. Sur ce site, vous trouverez des liens utiles et des informations concernant : ? Pour toute demande [&hellip;]<\/p>\n","protected":false},"author":1,"featured_media":0,"parent":0,"menu_order":1,"comment_status":"closed","ping_status":"closed","template":"","meta":{"_acf_changed":false,"footnotes":""},"class_list":["post-145","page","type-page","status-publish","hentry"],"acf":[],"_links":{"self":[{"href":"https:\/\/help.unhcr.org\/algeria\/fr\/wp-json\/wp\/v2\/pages\/145","targetHints":{"allow":["GET"]}}],"collection":[{"href":"https:\/\/help.unhcr.org\/algeria\/fr\/wp-json\/wp\/v2\/pages"}],"about":[{"href":"https:\/\/help.unhcr.org\/algeria\/fr\/wp-json\/wp\/v2\/types\/page"}],"author":[{"embeddable":true,"href":"https:\/\/help.unhcr.org\/algeria\/fr\/wp-json\/wp\/v2\/users\/1"}],"replies":[{"embeddable":true,"href":"https:\/\/help.unhcr.org\/algeria\/fr\/wp-json\/wp\/v2\/comments?post=145"}],"version-history":[{"count":82,"href":"https:\/\/help.unhcr.org\/algeria\/fr\/wp-json\/wp\/v2\/pages\/145\/revisions"}],"predecessor-version":[{"id":2218,"href":"https:\/\/help.unhcr.org\/algeria\/fr\/wp-json\/wp\/v2\/pages\/145\/revisions\/2218"}],"wp:attachment":[{"href":"https:\/\/help.unhcr.org\/algeria\/fr\/wp-json\/wp\/v2\/media?parent=145"}],"curies":[{"name":"wp","href":"https:\/\/api.w.org\/{rel}","templated":true}]}}