{"id":1336,"date":"2022-07-20T11:40:46","date_gmt":"2022-07-20T11:40:46","guid":{"rendered":"https:\/\/help.unhcr.org\/algeria\/family-reunification\/"},"modified":"2026-01-28T14:36:55","modified_gmt":"2026-01-28T14:36:55","slug":"family-reunification","status":"publish","type":"page","link":"https:\/\/help.unhcr.org\/algeria\/fr\/family-reunification\/","title":{"rendered":"Regroupement familial"},"content":{"rendered":"\n<p>Si vous avez \u00e9t\u00e9 s\u00e9par\u00e9 de votre famille avant, pendant ou apr\u00e8s votre arriv\u00e9e en Alg\u00e9rie, vous pourrez peut-\u00eatre la rejoindre dans le pays o\u00f9 r\u00e9side votre famille.<\/p>\n\n\n\n<p><strong>Qui g\u00e8re les programmes de regroupement familial ?<\/strong><\/p>\n\n\n\n<p>Veuillez noter que les programmes de regroupement familial, et les personnes qui peuvent en b\u00e9n\u00e9ficier, sont d\u00e9finis et g\u00e9r\u00e9s par chaque pays.<\/p>\n\n\n\n<p>Les demandes d&rsquo;acc\u00e8s \u00e0 ces programmes ne sont pas soumises au HCR, mais \u00e0 la proc\u00e9dure \u00e9tablie par le pays o\u00f9 vivent les membres de votre famille.<\/p>\n\n\n\n<p><strong>Quelle est la proc\u00e9dure \u00e0 suivre pour introduire une demande de regroupement familial ?<\/strong><\/p>\n\n\n\n<p>Le regroupement familial doit \u00eatre initi\u00e9 par le membre de la famille dans le pays tiers. Votre famille doit s&rsquo;adresser aux autorit\u00e9s locales de son pays de r\u00e9sidence.<\/p>\n\n\n\n<p>La possibilit\u00e9 de rejoindre votre famille d\u00e9pend du type de statut juridique qui lui est accord\u00e9 dans le pays de r\u00e9sidence (r\u00e9fugi\u00e9, statut de protection temporaire ou autre) et de la nature de votre relation.<\/p>\n\n\n\n<p>Veuillez consulter les liens suivants pour plus d&rsquo;informations :<\/p>\n\n\n\n<ul class=\"wp-block-list\"><li><strong>France<\/strong>:\u00a0<a href=\"https:\/\/eur02.safelinks.protection.outlook.com\/?url=https%3A%2F%2Fhelp.unhcr.org%2Ffrance%2Fla-reunification-et-le-regroupement-familial-e%2F&amp;data=05%7C01%7Csorrenti%40unhcr.org%7C4d90ecd666b346d4eae108da4207264e%7Ce5c37981666441348a0c6543d2af80be%7C0%7C0%7C637894895758573740%7CUnknown%7CTWFpbGZsb3d8eyJWIjoiMC4wLjAwMDAiLCJQIjoiV2luMzIiLCJBTiI6Ik1haWwiLCJXVCI6Mn0%3D%7C3000%7C%7C%7C&amp;sdata=nU0pHAt0M8n76gURu6XjHjEELIM1odqwcS7B3EmnWT0%3D&amp;reserved=0\">https:\/\/help.unhcr.org\/france\/la-reunification-et-le-regroupement-familial-e\/<\/a><\/li><li><strong>Allemagne<\/strong>:\u00a0<a href=\"https:\/\/eur02.safelinks.protection.outlook.com\/?url=https%3A%2F%2Fhelp.unhcr.org%2Fgermany%2Ffamily-reunification%2F&amp;data=05%7C01%7Csorrenti%40unhcr.org%7C4d90ecd666b346d4eae108da4207264e%7Ce5c37981666441348a0c6543d2af80be%7C0%7C0%7C637894895758573740%7CUnknown%7CTWFpbGZsb3d8eyJWIjoiMC4wLjAwMDAiLCJQIjoiV2luMzIiLCJBTiI6Ik1haWwiLCJXVCI6Mn0%3D%7C3000%7C%7C%7C&amp;sdata=slUKtaNC2otWIViSXMIHOQyIfLWbTnRiGaWXEUEP6o8%3D&amp;reserved=0\">https:\/\/help.unhcr.org\/germany\/family-reunification\/<\/a><\/li><li><strong>Italie<\/strong>:\u00a0<a href=\"https:\/\/eur02.safelinks.protection.outlook.com\/?url=https%3A%2F%2Fhelp.unhcr.org%2Fitaly%2Ffamily%2F&amp;data=05%7C01%7Csorrenti%40unhcr.org%7C4d90ecd666b346d4eae108da4207264e%7Ce5c37981666441348a0c6543d2af80be%7C0%7C0%7C637894895758573740%7CUnknown%7CTWFpbGZsb3d8eyJWIjoiMC4wLjAwMDAiLCJQIjoiV2luMzIiLCJBTiI6Ik1haWwiLCJXVCI6Mn0%3D%7C3000%7C%7C%7C&amp;sdata=gkhmbDF8H1%2B5HxOLI5O6AtQIP8m3l4rTJkB2EOtzWaI%3D&amp;reserved=0\">https:\/\/help.unhcr.org\/italy\/family\/<\/a><\/li><li><strong>Pays-Bas<\/strong>:\u00a0<a href=\"https:\/\/eur02.safelinks.protection.outlook.com\/?url=https%3A%2F%2Fhelp.unhcr.org%2Fnetherlands%2Ffamily-reunification%2F&amp;data=05%7C01%7Csorrenti%40unhcr.org%7C4d90ecd666b346d4eae108da4207264e%7Ce5c37981666441348a0c6543d2af80be%7C0%7C0%7C637894895758573740%7CUnknown%7CTWFpbGZsb3d8eyJWIjoiMC4wLjAwMDAiLCJQIjoiV2luMzIiLCJBTiI6Ik1haWwiLCJXVCI6Mn0%3D%7C3000%7C%7C%7C&amp;sdata=ql1s5BTMcdn9oO%2FgYDS2YX0E0MNWCpdYhSxsxne%2F2%2FM%3D&amp;reserved=0\">https:\/\/help.unhcr.org\/netherlands\/family-reunification\/<\/a><\/li><li><strong>Su\u00e8de<\/strong>:\u00a0<a href=\"https:\/\/eur02.safelinks.protection.outlook.com\/?url=https%3A%2F%2Fhelp.unhcr.org%2Fsweden%2Ffamily%2F&amp;data=05%7C01%7Csorrenti%40unhcr.org%7C4d90ecd666b346d4eae108da4207264e%7Ce5c37981666441348a0c6543d2af80be%7C0%7C0%7C637894895758573740%7CUnknown%7CTWFpbGZsb3d8eyJWIjoiMC4wLjAwMDAiLCJQIjoiV2luMzIiLCJBTiI6Ik1haWwiLCJXVCI6Mn0%3D%7C3000%7C%7C%7C&amp;sdata=AeizHNO6BbNFYzVPyfd8L1IQKXVhXdHMxkeTyEo%2Fgqs%3D&amp;reserved=0\">https:\/\/help.unhcr.org\/sweden\/family\/<\/a><\/li><li><strong>Suisse<\/strong>:\u00a0<a href=\"https:\/\/eur02.safelinks.protection.outlook.com\/?url=https%3A%2F%2Fhelp.unhcr.org%2Fswitzerland%2Fother-admission-to-switzerland%2F&amp;data=05%7C01%7Csorrenti%40unhcr.org%7C4d90ecd666b346d4eae108da4207264e%7Ce5c37981666441348a0c6543d2af80be%7C0%7C0%7C637894895758573740%7CUnknown%7CTWFpbGZsb3d8eyJWIjoiMC4wLjAwMDAiLCJQIjoiV2luMzIiLCJBTiI6Ik1haWwiLCJXVCI6Mn0%3D%7C3000%7C%7C%7C&amp;sdata=F7ClQUPEbVB4UIH7zQJv1g6vmdpak6UBRNvjkZ3SMGw%3D&amp;reserved=0\">https:\/\/help.unhcr.org\/switzerland\/other-admission-to-switzerland\/<\/a><\/li><li><strong>Royaume-Uni<\/strong>:\u00a0<a href=\"https:\/\/eur02.safelinks.protection.outlook.com\/?url=https%3A%2F%2Fhelp.unhcr.org%2Fuk%2Ffamily-reunion%2F&amp;data=05%7C01%7Csorrenti%40unhcr.org%7C4d90ecd666b346d4eae108da4207264e%7Ce5c37981666441348a0c6543d2af80be%7C0%7C0%7C637894895758573740%7CUnknown%7CTWFpbGZsb3d8eyJWIjoiMC4wLjAwMDAiLCJQIjoiV2luMzIiLCJBTiI6Ik1haWwiLCJXVCI6Mn0%3D%7C3000%7C%7C%7C&amp;sdata=uUCOLRdW5nz%2F85Em6gaIIXU%2BP13bfKFckmW07o20Yis%3D&amp;reserved=0\">https:\/\/help.unhcr.org\/uk\/family-reunion\/<\/a><\/li><\/ul>\n","protected":false},"excerpt":{"rendered":"<p>Si vous avez \u00e9t\u00e9 s\u00e9par\u00e9 de votre famille avant, pendant ou apr\u00e8s votre arriv\u00e9e en Alg\u00e9rie, vous pourrez peut-\u00eatre la rejoindre dans le pays o\u00f9 r\u00e9side votre famille. Qui g\u00e8re les programmes de regroupement familial ? Veuillez noter que les programmes de regroupement familial, et les personnes qui peuvent en b\u00e9n\u00e9ficier, sont d\u00e9finis et g\u00e9r\u00e9s [&hellip;]<\/p>\n","protected":false},"author":49,"featured_media":0,"parent":0,"menu_order":5,"comment_status":"closed","ping_status":"closed","template":"","meta":{"_acf_changed":false,"footnotes":""},"class_list":["post-1336","page","type-page","status-publish","hentry"],"acf":[],"_links":{"self":[{"href":"https:\/\/help.unhcr.org\/algeria\/fr\/wp-json\/wp\/v2\/pages\/1336","targetHints":{"allow":["GET"]}}],"collection":[{"href":"https:\/\/help.unhcr.org\/algeria\/fr\/wp-json\/wp\/v2\/pages"}],"about":[{"href":"https:\/\/help.unhcr.org\/algeria\/fr\/wp-json\/wp\/v2\/types\/page"}],"author":[{"embeddable":true,"href":"https:\/\/help.unhcr.org\/algeria\/fr\/wp-json\/wp\/v2\/users\/49"}],"replies":[{"embeddable":true,"href":"https:\/\/help.unhcr.org\/algeria\/fr\/wp-json\/wp\/v2\/comments?post=1336"}],"version-history":[{"count":2,"href":"https:\/\/help.unhcr.org\/algeria\/fr\/wp-json\/wp\/v2\/pages\/1336\/revisions"}],"predecessor-version":[{"id":1341,"href":"https:\/\/help.unhcr.org\/algeria\/fr\/wp-json\/wp\/v2\/pages\/1336\/revisions\/1341"}],"wp:attachment":[{"href":"https:\/\/help.unhcr.org\/algeria\/fr\/wp-json\/wp\/v2\/media?parent=1336"}],"curies":[{"name":"wp","href":"https:\/\/api.w.org\/{rel}","templated":true}]}}