{"id":1013,"date":"2022-04-04T11:50:20","date_gmt":"2022-04-04T11:50:20","guid":{"rendered":"https:\/\/help.unhcr.org\/algeria\/education-opportunities\/"},"modified":"2026-03-29T15:01:17","modified_gmt":"2026-03-29T15:01:17","slug":"education-opportunities","status":"publish","type":"page","link":"https:\/\/help.unhcr.org\/algeria\/fr\/education-opportunities\/","title":{"rendered":"Education"},"content":{"rendered":"\n<hr class=\"wp-block-separator has-alpha-channel-opacity\" \/>\n\n\n\n<p>Les communaut\u00e9s sont invit\u00e9es \u00e0 <mark class=\"has-inline-color has-vivid-red-color\">informer le partenaire \u00e9ducation AFAD de tout changement de lieu de r\u00e9sidence.<\/mark> \u00c0 d\u00e9faut, cela peut retarder le transfert des dossiers scolaires et affecter la scolarisation des enfants.<\/p>\n\n\n\n<hr class=\"wp-block-separator has-alpha-channel-opacity\" \/>\n\n\n\n<div class=\"wp-block-group\"><div class=\"wp-block-group__inner-container is-layout-flow wp-block-group-is-layout-flow\">\n<p class=\"has-large-font-size\"><strong><mark style=\"background-color:#ffffff\" class=\"has-inline-color has-vivid-cyan-blue-color\">Inscription scolaire 2050\/2026<\/mark><\/strong><\/p>\n\n\n\n<figure class=\"wp-block-image size-large is-resized\"><img loading=\"lazy\" decoding=\"async\" width=\"683\" height=\"1024\" src=\"https:\/\/help.unhcr.org\/algeria\/wp-content\/uploads\/sites\/48\/2025\/08\/AFFICHE-AFAD-FR-1-683x1024.png\" alt=\"\" class=\"wp-image-2060\" style=\"width:483px;height:auto\" srcset=\"https:\/\/help.unhcr.org\/algeria\/wp-content\/uploads\/sites\/48\/2025\/08\/AFFICHE-AFAD-FR-1-683x1024.png 683w, https:\/\/help.unhcr.org\/algeria\/wp-content\/uploads\/sites\/48\/2025\/08\/AFFICHE-AFAD-FR-1-200x300.png 200w, https:\/\/help.unhcr.org\/algeria\/wp-content\/uploads\/sites\/48\/2025\/08\/AFFICHE-AFAD-FR-1-768x1152.png 768w, https:\/\/help.unhcr.org\/algeria\/wp-content\/uploads\/sites\/48\/2025\/08\/AFFICHE-AFAD-FR-1.png 1024w\" sizes=\"auto, (max-width: 683px) 100vw, 683px\" \/><\/figure>\n\n\n\n<hr class=\"wp-block-separator has-alpha-channel-opacity\" \/>\n\n\n\n<p class=\"has-large-font-size\"><mark style=\"color:#1584c4\" class=\"has-inline-color\"><strong>Qu&rsquo;est-ce que le programme de bourses DAFI?<\/strong><\/mark><\/p>\n\n\n\n<p>Il s&rsquo;agit d&rsquo;une bourse du HCR pour les \u00e9tudiants r\u00e9fugi\u00e9s de premier cycle en Alg\u00e9rie, qui couvre les frais allant des frais d&rsquo;inscription au mat\u00e9riel p\u00e9dagogique, en passant par la nourriture, le transport ou le logement, afin de soutenir les r\u00e9sultats acad\u00e9miques des \u00e9tudiants r\u00e9fugi\u00e9s et le d\u00e9veloppement de leurs comp\u00e9tences. Les \u00e9tudiants DAFI recevront \u00e9galement un soutien suppl\u00e9mentaire sous la forme d&rsquo;une supervision \u00e9troite, de cours pr\u00e9paratoires et de cours de langue en fonction de leurs besoins, ainsi qu&rsquo;un soutien psychosocial et des possibilit\u00e9s de tutorat.<\/p>\n\n\n\n<p><strong>Les candidats doivent remplir les conditions suivantes:<\/strong><\/p>\n\n\n\n<ul class=\"wp-block-list\">\n<li>\u00catre un r\u00e9fugi\u00e9 ou un demandeur d&rsquo;asile, en Alg\u00e9rie sous le mandat du HCR.<\/li>\n\n\n\n<li>Avoir entre 18 et 28 ans \u00e0 la date de cl\u00f4ture des d\u00e9p\u00f4ts.<\/li>\n\n\n\n<li>Avoir un excellent parcours scolaire et de bons r\u00e9sultats acad\u00e9miques.<\/li>\n\n\n\n<li>Ne jamais avoir re\u00e7u de bourse DAFI auparavant.<\/li>\n\n\n\n<li>Avoir besoin d&rsquo;une aide financi\u00e8re pour poursuivre ses \u00e9tudes.<\/li>\n\n\n\n<li>Contribuer positivement \u00e0 l&rsquo;esprit de la communaut\u00e9. <\/li>\n<\/ul>\n\n\n\n<p><strong>Conditions d&rsquo;\u00e9ligibilit\u00e9:<\/strong><\/p>\n\n\n\n<ul class=\"wp-block-list\">\n<li>\u00catre titulaire d&rsquo;un dipl\u00f4me de baccalaur\u00e9at.<\/li>\n\n\n\n<li>\u00catre inscrit dans une universit\u00e9 ou un \u00e9tablissement public d&rsquo;enseignement sup\u00e9rieur en Alg\u00e9rie.<\/li>\n<\/ul>\n\n\n\n<p>Les candidatures sont normalement ouvertes en aout de chaque ann\u00e9e. Veuillez vous r\u00e9f\u00e9rer \u00e0 cette page pour l&rsquo;application. Si vous avez des questions sur le programme DAFI en Alg\u00e9rie, envoyez-nous un courriel \u00e0 : <a href=\"mailto:algaleducation@unhcr.org\" data-type=\"mailto\" data-id=\"mailto:algaleducation@unhcr.org\">algaleducation@unhcr.org<\/a><\/p>\n\n\n\n<h1 class=\"wp-block-heading\"><mark style=\"color:#0072a3\" class=\"has-inline-color\"><strong>\u00cates-vous un r\u00e9fugi\u00e9 et vous d\u00e9sirez faire des \u00e9tudes sup\u00e9rieures?<\/strong><\/mark><\/h1>\n\n\n\n<p>Vous pouvez acc\u00e9der \u00e0 la plateforme du HCR Scholarship Opportunities for Refugees, qui vous aide \u00e0 trouver des programmes acad\u00e9miques ou de bourses d&rsquo;\u00e9tudes sup\u00e9rieures accr\u00e9dit\u00e9s et v\u00e9rifi\u00e9s par le HCR pour vous permettre de poursuivre des \u00e9tudes sup\u00e9rieures, des comp\u00e9tences et un d\u00e9veloppement professionnel.<\/p>\n\n\n\n<p>? Vous pouvez acc\u00e9der au site web <a href=\"https:\/\/services.unhcr.org\/opportunities\/#_ga=2.100318808.735385405.1649063431-945792439.1610620960\" data-type=\"URL\" data-id=\"https:\/\/services.unhcr.org\/opportunities\/#_ga=2.100318808.735385405.1649063431-945792439.1610620960\" target=\"_blank\" rel=\"noreferrer noopener\">Ici<\/a> <\/p>\n<\/div><\/div>\n\n\n\n<div class=\"wp-block-group\"><div class=\"wp-block-group__inner-container is-layout-flow wp-block-group-is-layout-flow\">\n<h1 class=\"wp-block-heading has-text-align-left\"><mark style=\"color:#0071a1\" class=\"has-inline-color\"><strong>Coursera pour les r\u00e9fugi\u00e9s<\/strong><\/mark><\/h1>\n\n\n\n<p class=\"has-text-align-left\">? Explorez le catalogue <a href=\"https:\/\/refugees.coursera.org\/\" data-type=\"URL\" data-id=\"https:\/\/refugees.coursera.org\/\">Ici<\/a><\/p>\n\n\n\n<p>? Envoyez un courriel \u00e0 algaleducation@unhcr.org<\/p>\n<\/div><\/div>\n","protected":false},"excerpt":{"rendered":"<p>Les communaut\u00e9s sont invit\u00e9es \u00e0 informer le partenaire \u00e9ducation AFAD de tout changement de lieu de r\u00e9sidence. \u00c0 d\u00e9faut, cela peut retarder le transfert des dossiers scolaires et affecter la scolarisation des enfants. Inscription scolaire 2050\/2026 Qu&rsquo;est-ce que le programme de bourses DAFI? Il s&rsquo;agit d&rsquo;une bourse du HCR pour les \u00e9tudiants r\u00e9fugi\u00e9s de premier [&hellip;]<\/p>\n","protected":false},"author":49,"featured_media":0,"parent":0,"menu_order":5,"comment_status":"closed","ping_status":"closed","template":"","meta":{"_acf_changed":false,"footnotes":""},"class_list":["post-1013","page","type-page","status-publish","hentry"],"acf":[],"_links":{"self":[{"href":"https:\/\/help.unhcr.org\/algeria\/fr\/wp-json\/wp\/v2\/pages\/1013","targetHints":{"allow":["GET"]}}],"collection":[{"href":"https:\/\/help.unhcr.org\/algeria\/fr\/wp-json\/wp\/v2\/pages"}],"about":[{"href":"https:\/\/help.unhcr.org\/algeria\/fr\/wp-json\/wp\/v2\/types\/page"}],"author":[{"embeddable":true,"href":"https:\/\/help.unhcr.org\/algeria\/fr\/wp-json\/wp\/v2\/users\/49"}],"replies":[{"embeddable":true,"href":"https:\/\/help.unhcr.org\/algeria\/fr\/wp-json\/wp\/v2\/comments?post=1013"}],"version-history":[{"count":25,"href":"https:\/\/help.unhcr.org\/algeria\/fr\/wp-json\/wp\/v2\/pages\/1013\/revisions"}],"predecessor-version":[{"id":2383,"href":"https:\/\/help.unhcr.org\/algeria\/fr\/wp-json\/wp\/v2\/pages\/1013\/revisions\/2383"}],"wp:attachment":[{"href":"https:\/\/help.unhcr.org\/algeria\/fr\/wp-json\/wp\/v2\/media?parent=1013"}],"curies":[{"name":"wp","href":"https:\/\/api.w.org\/{rel}","templated":true}]}}