{"id":1092,"date":"2022-04-04T11:30:59","date_gmt":"2022-04-04T11:30:59","guid":{"rendered":"https:\/\/help.unhcr.org\/algeria\/informative-videos\/"},"modified":"2022-06-26T15:39:55","modified_gmt":"2022-06-26T15:39:55","slug":"informative-videos","status":"publish","type":"page","link":"https:\/\/help.unhcr.org\/algeria\/ar\/informative-videos\/","title":{"rendered":"\u0641\u064a\u062f\u064a\u0648\u0647\u0627\u062a \u0625\u0631\u0634\u0627\u062f\u064a\u0629"},"content":{"rendered":"\n<figure class=\"wp-block-embed is-type-video is-provider-youtube wp-block-embed-youtube wp-embed-aspect-16-9 wp-has-aspect-ratio\"><div class=\"wp-block-embed__wrapper\">\n<iframe loading=\"lazy\" title=\"\u0645\u0646 \u0647\u0648 \u0627\u0644\u0644\u0627\u062c\u0626\u061f\" width=\"640\" height=\"360\" src=\"https:\/\/www.youtube.com\/embed\/7y42gHxS4og?list=PL4tt-Z61x3LBEMmcVFlI6FZ16RPWFZYhL\" frameborder=\"0\" allow=\"accelerometer; autoplay; clipboard-write; encrypted-media; gyroscope; picture-in-picture; web-share\" referrerpolicy=\"strict-origin-when-cross-origin\" allowfullscreen><\/iframe>\n<\/div><\/figure>\n\n\n\n<figure class=\"wp-block-embed is-type-video is-provider-youtube wp-block-embed-youtube wp-embed-aspect-16-9 wp-has-aspect-ratio\"><div class=\"wp-block-embed__wrapper\">\n<iframe loading=\"lazy\" title=\"\u0645\u0646 \u0647\u0648 \u0637\u0627\u0644\u0628 \u0627\u0644\u0644\u062c\u0648\u0621\u061f\" width=\"640\" height=\"360\" src=\"https:\/\/www.youtube.com\/embed\/uEObEmQyw_4?list=PL4tt-Z61x3LBEMmcVFlI6FZ16RPWFZYhL\" frameborder=\"0\" allow=\"accelerometer; autoplay; clipboard-write; encrypted-media; gyroscope; picture-in-picture; web-share\" referrerpolicy=\"strict-origin-when-cross-origin\" allowfullscreen><\/iframe>\n<\/div><\/figure>\n\n\n\n<figure class=\"wp-block-embed is-type-video is-provider-youtube wp-block-embed-youtube wp-embed-aspect-16-9 wp-has-aspect-ratio\"><div class=\"wp-block-embed__wrapper\">\n<iframe loading=\"lazy\" title=\"\u062d\u0642\u0648\u0642 \u0627\u0644\u0644\u0627\u062c\u0626\u064a\u0646\" width=\"640\" height=\"360\" src=\"https:\/\/www.youtube.com\/embed\/NqPa8abKI2c?list=PL4tt-Z61x3LBEMmcVFlI6FZ16RPWFZYhL\" frameborder=\"0\" allow=\"accelerometer; autoplay; clipboard-write; encrypted-media; gyroscope; picture-in-picture; web-share\" referrerpolicy=\"strict-origin-when-cross-origin\" allowfullscreen><\/iframe>\n<\/div><\/figure>\n\n\n\n<figure class=\"wp-block-embed is-type-video is-provider-youtube wp-block-embed-youtube wp-embed-aspect-16-9 wp-has-aspect-ratio\"><div class=\"wp-block-embed__wrapper\">\n<iframe loading=\"lazy\" title=\"\u0645\u0646 \u064a\u0633\u0627\u0639\u062f \u0627\u0644\u0644\u0627\u062c\u0626\u064a\u0646\u061f\" width=\"640\" height=\"360\" src=\"https:\/\/www.youtube.com\/embed\/M0b7iRHBTP4?list=PL4tt-Z61x3LBEMmcVFlI6FZ16RPWFZYhL\" frameborder=\"0\" allow=\"accelerometer; autoplay; clipboard-write; encrypted-media; gyroscope; picture-in-picture; web-share\" referrerpolicy=\"strict-origin-when-cross-origin\" allowfullscreen><\/iframe>\n<\/div><\/figure>\n\n\n\n<figure class=\"wp-block-embed is-type-video is-provider-youtube wp-block-embed-youtube wp-embed-aspect-16-9 wp-has-aspect-ratio\"><div class=\"wp-block-embed__wrapper\">\n<iframe loading=\"lazy\" title=\"Qu\u2019est-ce que la r\u00e9installation et quel est le r\u00f4le du HCR ?\" width=\"640\" height=\"360\" src=\"https:\/\/www.youtube.com\/embed\/hdjVpkTbpjU?feature=oembed\" frameborder=\"0\" allow=\"accelerometer; autoplay; clipboard-write; encrypted-media; gyroscope; picture-in-picture; web-share\" referrerpolicy=\"strict-origin-when-cross-origin\" allowfullscreen><\/iframe>\n<\/div><\/figure>\n\n\n\n<figure class=\"wp-block-embed is-type-video is-provider-youtube wp-block-embed-youtube wp-embed-aspect-16-9 wp-has-aspect-ratio\"><div class=\"wp-block-embed__wrapper\">\n<iframe loading=\"lazy\" title=\"Conna\u00eetre vos droits en tant que r\u00e9fugi\u00e9 pour l&#039;enregistrement aupr\u00e8s du HCR\" width=\"640\" height=\"360\" src=\"https:\/\/www.youtube.com\/embed\/ucWJikFaviY?start=20&#038;feature=oembed\" frameborder=\"0\" allow=\"accelerometer; autoplay; clipboard-write; encrypted-media; gyroscope; picture-in-picture; web-share\" referrerpolicy=\"strict-origin-when-cross-origin\" allowfullscreen><\/iframe>\n<\/div><\/figure>\n","protected":false},"excerpt":{"rendered":"","protected":false},"author":49,"featured_media":0,"parent":0,"menu_order":8,"comment_status":"closed","ping_status":"closed","template":"","meta":{"_acf_changed":false,"footnotes":""},"class_list":["post-1092","page","type-page","status-publish","hentry"],"acf":[],"_links":{"self":[{"href":"https:\/\/help.unhcr.org\/algeria\/ar\/wp-json\/wp\/v2\/pages\/1092","targetHints":{"allow":["GET"]}}],"collection":[{"href":"https:\/\/help.unhcr.org\/algeria\/ar\/wp-json\/wp\/v2\/pages"}],"about":[{"href":"https:\/\/help.unhcr.org\/algeria\/ar\/wp-json\/wp\/v2\/types\/page"}],"author":[{"embeddable":true,"href":"https:\/\/help.unhcr.org\/algeria\/ar\/wp-json\/wp\/v2\/users\/49"}],"replies":[{"embeddable":true,"href":"https:\/\/help.unhcr.org\/algeria\/ar\/wp-json\/wp\/v2\/comments?post=1092"}],"version-history":[{"count":3,"href":"https:\/\/help.unhcr.org\/algeria\/ar\/wp-json\/wp\/v2\/pages\/1092\/revisions"}],"predecessor-version":[{"id":1251,"href":"https:\/\/help.unhcr.org\/algeria\/ar\/wp-json\/wp\/v2\/pages\/1092\/revisions\/1251"}],"wp:attachment":[{"href":"https:\/\/help.unhcr.org\/algeria\/ar\/wp-json\/wp\/v2\/media?parent=1092"}],"curies":[{"name":"wp","href":"https:\/\/api.w.org\/{rel}","templated":true}]}}